{"id":3914,"date":"2025-05-05T09:28:03","date_gmt":"2025-05-05T09:28:03","guid":{"rendered":"https:\/\/steklarna-rogaska.si\/product\/import-placeholder-for-2393\/"},"modified":"2026-04-13T06:56:14","modified_gmt":"2026-04-13T06:56:14","slug":"equinox-ashtray-15-cm","status":"publish","type":"product","link":"https:\/\/steklarna-rogaska.si\/it\/product\/equinox-ashtray-15-cm\/","title":{"rendered":"PEPELNIK 15 CM &#8211; EQUINOX &#8211; kos"},"content":{"rendered":"<p>vi\u0161ina = 44 mm<br \/>\n\u0161irina = 153 mm<br \/>\nte\u017ea = 0,8 kg<\/p>\n","protected":false},"excerpt":{"rendered":"<p>vi\u0161ina = 44 mm \u0161irina = 153 mm te\u017ea = 0,8 kg<\/p>\n","protected":false},"featured_media":3964,"comment_status":"closed","ping_status":"closed","template":"","meta":[],"product_brand":[],"product_cat":[964],"product_tag":[399],"class_list":{"0":"post-3914","1":"product","2":"type-product","3":"status-publish","4":"has-post-thumbnail","6":"product_cat-pepelniki-2","7":"product_tag-equinox","9":"first","10":"instock","11":"shipping-taxable","12":"purchasable","13":"product-type-simple"},"_links":{"self":[{"href":"https:\/\/steklarna-rogaska.si\/it\/wp-json\/wp\/v2\/product\/3914","targetHints":{"allow":["GET"]}}],"collection":[{"href":"https:\/\/steklarna-rogaska.si\/it\/wp-json\/wp\/v2\/product"}],"about":[{"href":"https:\/\/steklarna-rogaska.si\/it\/wp-json\/wp\/v2\/types\/product"}],"replies":[{"embeddable":true,"href":"https:\/\/steklarna-rogaska.si\/it\/wp-json\/wp\/v2\/comments?post=3914"}],"wp:featuredmedia":[{"embeddable":true,"href":"https:\/\/steklarna-rogaska.si\/it\/wp-json\/wp\/v2\/media\/3964"}],"wp:attachment":[{"href":"https:\/\/steklarna-rogaska.si\/it\/wp-json\/wp\/v2\/media?parent=3914"}],"wp:term":[{"taxonomy":"product_brand","embeddable":true,"href":"https:\/\/steklarna-rogaska.si\/it\/wp-json\/wp\/v2\/product_brand?post=3914"},{"taxonomy":"product_cat","embeddable":true,"href":"https:\/\/steklarna-rogaska.si\/it\/wp-json\/wp\/v2\/product_cat?post=3914"},{"taxonomy":"product_tag","embeddable":true,"href":"https:\/\/steklarna-rogaska.si\/it\/wp-json\/wp\/v2\/product_tag?post=3914"}],"curies":[{"name":"wp","href":"https:\/\/api.w.org\/{rel}","templated":true}]}}