{"id":3908,"date":"2019-12-28T09:28:02","date_gmt":"2019-12-28T09:28:02","guid":{"rendered":"https:\/\/steklarna-rogaska.si\/product\/import-placeholder-for-2387\/"},"modified":"2026-04-13T07:17:13","modified_gmt":"2026-04-13T07:17:13","slug":"equinox-bowl-25-cm","status":"publish","type":"product","link":"https:\/\/steklarna-rogaska.si\/it\/product\/equinox-bowl-25-cm\/","title":{"rendered":"SKLEDA 25 CM &#8211; EQUINOX &#8211; kos"},"content":{"rendered":"<p>vi\u0161ina = 123 mm<br \/>\n\u0161irina = 257 mm<br \/>\nte\u017ea = 4,1 kg<\/p>\n","protected":false},"excerpt":{"rendered":"<p>vi\u0161ina = 123 mm \u0161irina = 257 mm te\u017ea = 4,1 kg<\/p>\n","protected":false},"featured_media":3958,"comment_status":"closed","ping_status":"closed","template":"","meta":[],"product_brand":[],"product_cat":[916,920,946,947],"product_tag":[399,441,439],"class_list":{"0":"post-3908","1":"product","2":"type-product","3":"status-publish","4":"has-post-thumbnail","6":"product_cat-darilni-program-2","7":"product_cat-porocna-darila","8":"product_cat-sklede-2","9":"product_cat-sklede-za-sadje-2","10":"product_tag-equinox","11":"product_tag-porocna-darila","12":"product_tag-poroka","14":"first","15":"outofstock","16":"shipping-taxable","17":"purchasable","18":"product-type-simple"},"_links":{"self":[{"href":"https:\/\/steklarna-rogaska.si\/it\/wp-json\/wp\/v2\/product\/3908","targetHints":{"allow":["GET"]}}],"collection":[{"href":"https:\/\/steklarna-rogaska.si\/it\/wp-json\/wp\/v2\/product"}],"about":[{"href":"https:\/\/steklarna-rogaska.si\/it\/wp-json\/wp\/v2\/types\/product"}],"replies":[{"embeddable":true,"href":"https:\/\/steklarna-rogaska.si\/it\/wp-json\/wp\/v2\/comments?post=3908"}],"wp:featuredmedia":[{"embeddable":true,"href":"https:\/\/steklarna-rogaska.si\/it\/wp-json\/wp\/v2\/media\/3958"}],"wp:attachment":[{"href":"https:\/\/steklarna-rogaska.si\/it\/wp-json\/wp\/v2\/media?parent=3908"}],"wp:term":[{"taxonomy":"product_brand","embeddable":true,"href":"https:\/\/steklarna-rogaska.si\/it\/wp-json\/wp\/v2\/product_brand?post=3908"},{"taxonomy":"product_cat","embeddable":true,"href":"https:\/\/steklarna-rogaska.si\/it\/wp-json\/wp\/v2\/product_cat?post=3908"},{"taxonomy":"product_tag","embeddable":true,"href":"https:\/\/steklarna-rogaska.si\/it\/wp-json\/wp\/v2\/product_tag?post=3908"}],"curies":[{"name":"wp","href":"https:\/\/api.w.org\/{rel}","templated":true}]}}