{"id":3877,"date":"2019-12-28T09:27:17","date_gmt":"2019-12-28T09:27:17","guid":{"rendered":"https:\/\/steklarna-rogaska.si\/product\/import-placeholder-for-2355\/"},"modified":"2026-04-13T06:44:20","modified_gmt":"2026-04-13T06:44:20","slug":"superior-vase-27cm","status":"publish","type":"product","link":"https:\/\/steklarna-rogaska.si\/it\/product\/superior-vase-27cm\/","title":{"rendered":"VAZA 27 CM &#8211; SUPERIOR &#8211; kos"},"content":{"rendered":"<p>vi\u0161ina = 269 mm<br \/>\n\u0161irina = 153 mm<br \/>\nte\u017ea = 5,7 kg<\/p>\n","protected":false},"excerpt":{"rendered":"<p>Mladostna in drzna energija kolekcije \u2018Superior\u2019 je namenjena vsem, ki cenite druga\u010dnost in izstopate iz povpre\u010dja. Kristalno steklo ob svojem polnem potencialu vas bo vsaki\u010d znova presenetilo.<\/p>\n","protected":false},"featured_media":3925,"comment_status":"closed","ping_status":"open","template":"","meta":[],"product_brand":[],"product_cat":[950],"product_tag":[441,439,442,424],"class_list":{"0":"post-3877","1":"product","2":"type-product","3":"status-publish","4":"has-post-thumbnail","6":"product_cat-vaza","7":"product_tag-porocna-darila","8":"product_tag-poroka","9":"product_tag-praznicna-darila","10":"product_tag-superior","12":"first","13":"outofstock","14":"shipping-taxable","15":"purchasable","16":"product-type-simple"},"_links":{"self":[{"href":"https:\/\/steklarna-rogaska.si\/it\/wp-json\/wp\/v2\/product\/3877","targetHints":{"allow":["GET"]}}],"collection":[{"href":"https:\/\/steklarna-rogaska.si\/it\/wp-json\/wp\/v2\/product"}],"about":[{"href":"https:\/\/steklarna-rogaska.si\/it\/wp-json\/wp\/v2\/types\/product"}],"replies":[{"embeddable":true,"href":"https:\/\/steklarna-rogaska.si\/it\/wp-json\/wp\/v2\/comments?post=3877"}],"wp:featuredmedia":[{"embeddable":true,"href":"https:\/\/steklarna-rogaska.si\/it\/wp-json\/wp\/v2\/media\/3925"}],"wp:attachment":[{"href":"https:\/\/steklarna-rogaska.si\/it\/wp-json\/wp\/v2\/media?parent=3877"}],"wp:term":[{"taxonomy":"product_brand","embeddable":true,"href":"https:\/\/steklarna-rogaska.si\/it\/wp-json\/wp\/v2\/product_brand?post=3877"},{"taxonomy":"product_cat","embeddable":true,"href":"https:\/\/steklarna-rogaska.si\/it\/wp-json\/wp\/v2\/product_cat?post=3877"},{"taxonomy":"product_tag","embeddable":true,"href":"https:\/\/steklarna-rogaska.si\/it\/wp-json\/wp\/v2\/product_tag?post=3877"}],"curies":[{"name":"wp","href":"https:\/\/api.w.org\/{rel}","templated":true}]}}