{"id":3870,"date":"2019-12-28T09:27:16","date_gmt":"2019-12-28T09:27:16","guid":{"rendered":"https:\/\/steklarna-rogaska.si\/product\/import-placeholder-for-2342\/"},"modified":"2024-06-10T09:16:33","modified_gmt":"2024-06-10T09:16:33","slug":"shangri-la-footed-centerpiece-35-cm","status":"publish","type":"product","link":"https:\/\/steklarna-rogaska.si\/it\/product\/shangri-la-footed-centerpiece-35-cm\/","title":{"rendered":"SKLEDA 33 CM S PODSTAVKOM &#8211; SHANGRI-LA &#8211; kos"},"content":{"rendered":"<p>vi\u0161ina = 185 mm<br \/>\n\u0161irina = 347 mm<br \/>\nte\u017ea = 5,3 kg<\/p>\n","protected":false},"excerpt":{"rendered":"<p>vi\u0161ina = 185 mm \u0161irina = 347 mm te\u017ea = 5,3 kg<\/p>\n","protected":false},"featured_media":3918,"comment_status":"closed","ping_status":"open","template":"","meta":[],"product_brand":[],"product_cat":[916,919,946,947],"product_tag":[447,441,439,442,282],"class_list":{"0":"post-3870","1":"product","2":"type-product","3":"status-publish","4":"has-post-thumbnail","6":"product_cat-darilni-program-2","7":"product_cat-poslovna-darila","8":"product_cat-sklede-2","9":"product_cat-sklede-za-sadje-2","10":"product_tag-kroznik-za-pecivo","11":"product_tag-porocna-darila","12":"product_tag-poroka","13":"product_tag-praznicna-darila","14":"product_tag-shangri-la","16":"first","17":"outofstock","18":"shipping-taxable","19":"purchasable","20":"product-type-simple"},"_links":{"self":[{"href":"https:\/\/steklarna-rogaska.si\/it\/wp-json\/wp\/v2\/product\/3870","targetHints":{"allow":["GET"]}}],"collection":[{"href":"https:\/\/steklarna-rogaska.si\/it\/wp-json\/wp\/v2\/product"}],"about":[{"href":"https:\/\/steklarna-rogaska.si\/it\/wp-json\/wp\/v2\/types\/product"}],"replies":[{"embeddable":true,"href":"https:\/\/steklarna-rogaska.si\/it\/wp-json\/wp\/v2\/comments?post=3870"}],"wp:featuredmedia":[{"embeddable":true,"href":"https:\/\/steklarna-rogaska.si\/it\/wp-json\/wp\/v2\/media\/3918"}],"wp:attachment":[{"href":"https:\/\/steklarna-rogaska.si\/it\/wp-json\/wp\/v2\/media?parent=3870"}],"wp:term":[{"taxonomy":"product_brand","embeddable":true,"href":"https:\/\/steklarna-rogaska.si\/it\/wp-json\/wp\/v2\/product_brand?post=3870"},{"taxonomy":"product_cat","embeddable":true,"href":"https:\/\/steklarna-rogaska.si\/it\/wp-json\/wp\/v2\/product_cat?post=3870"},{"taxonomy":"product_tag","embeddable":true,"href":"https:\/\/steklarna-rogaska.si\/it\/wp-json\/wp\/v2\/product_tag?post=3870"}],"curies":[{"name":"wp","href":"https:\/\/api.w.org\/{rel}","templated":true}]}}