{"id":3839,"date":"2019-12-28T09:26:30","date_gmt":"2019-12-28T09:26:30","guid":{"rendered":"https:\/\/steklarna-rogaska.si\/product\/import-placeholder-for-2313\/"},"modified":"2026-04-13T07:08:10","modified_gmt":"2026-04-13T07:08:10","slug":"prism-bowl-20-cm","status":"publish","type":"product","link":"https:\/\/steklarna-rogaska.si\/it\/product\/prism-bowl-20-cm\/","title":{"rendered":"SKLEDA 20 CM &#8211; PRISM &#8211; kos"},"content":{"rendered":"<p>vi\u0161ina = 96 mm<br \/>\n\u0161irina = 200 mm<br \/>\nte\u017ea = 1.6 kg<\/p>\n","protected":false},"excerpt":{"rendered":"<p>vi\u0161ina = 96 mm \u0161irina = 200 mm te\u017ea = 1.6 kg<\/p>\n","protected":false},"featured_media":3897,"comment_status":"closed","ping_status":"closed","template":"","meta":[],"product_brand":[],"product_cat":[916,920,996,946,948],"product_tag":[441,439,442,281],"class_list":{"0":"post-3839","1":"product","2":"type-product","3":"status-publish","4":"has-post-thumbnail","6":"product_cat-darilni-program-2","7":"product_cat-porocna-darila","8":"product_cat-praznicna-ponudba","9":"product_cat-sklede-2","10":"product_cat-skleda-za-prigrizke","11":"product_tag-porocna-darila","12":"product_tag-poroka","13":"product_tag-praznicna-darila","14":"product_tag-prism","16":"first","17":"outofstock","18":"shipping-taxable","19":"purchasable","20":"product-type-simple"},"_links":{"self":[{"href":"https:\/\/steklarna-rogaska.si\/it\/wp-json\/wp\/v2\/product\/3839","targetHints":{"allow":["GET"]}}],"collection":[{"href":"https:\/\/steklarna-rogaska.si\/it\/wp-json\/wp\/v2\/product"}],"about":[{"href":"https:\/\/steklarna-rogaska.si\/it\/wp-json\/wp\/v2\/types\/product"}],"replies":[{"embeddable":true,"href":"https:\/\/steklarna-rogaska.si\/it\/wp-json\/wp\/v2\/comments?post=3839"}],"wp:featuredmedia":[{"embeddable":true,"href":"https:\/\/steklarna-rogaska.si\/it\/wp-json\/wp\/v2\/media\/3897"}],"wp:attachment":[{"href":"https:\/\/steklarna-rogaska.si\/it\/wp-json\/wp\/v2\/media?parent=3839"}],"wp:term":[{"taxonomy":"product_brand","embeddable":true,"href":"https:\/\/steklarna-rogaska.si\/it\/wp-json\/wp\/v2\/product_brand?post=3839"},{"taxonomy":"product_cat","embeddable":true,"href":"https:\/\/steklarna-rogaska.si\/it\/wp-json\/wp\/v2\/product_cat?post=3839"},{"taxonomy":"product_tag","embeddable":true,"href":"https:\/\/steklarna-rogaska.si\/it\/wp-json\/wp\/v2\/product_tag?post=3839"}],"curies":[{"name":"wp","href":"https:\/\/api.w.org\/{rel}","templated":true}]}}