{"id":3836,"date":"2019-12-28T09:26:29","date_gmt":"2019-12-28T09:26:29","guid":{"rendered":"https:\/\/steklarna-rogaska.si\/product\/import-placeholder-for-2310\/"},"modified":"2026-04-20T06:58:39","modified_gmt":"2026-04-20T06:58:39","slug":"prism-mini-bowl-12-cm","status":"publish","type":"product","link":"https:\/\/steklarna-rogaska.si\/it\/product\/prism-mini-bowl-12-cm\/","title":{"rendered":"SKLEDA MINI 12 CM &#8211; PRISM &#8211; kos"},"content":{"rendered":"<p>vi\u0161ina = 58 mm<br \/>\n\u0161irina = 123 mm<br \/>\nte\u017ea = 0,4 kg<\/p>\n","protected":false},"excerpt":{"rendered":"<p>vi\u0161ina = 58 mm \u0161irina = 123 mm te\u017ea = 0,4 kg<\/p>\n","protected":false},"featured_media":3885,"comment_status":"closed","ping_status":"closed","template":"","meta":[],"product_brand":[],"product_cat":[916,923,920,919,996,946,948,956,959],"product_tag":[441,439,442,281],"class_list":{"0":"post-3836","1":"product","2":"type-product","3":"status-publish","4":"has-post-thumbnail","6":"product_cat-darilni-program-2","7":"product_cat-drobne-pozornosti","8":"product_cat-porocna-darila","9":"product_cat-poslovna-darila","10":"product_cat-praznicna-ponudba","11":"product_cat-sklede-2","12":"product_cat-skleda-za-prigrizke","13":"product_cat-skodelice-za-caj-kavo-sladoled","14":"product_cat-skodelica-za-sladoled","15":"product_tag-porocna-darila","16":"product_tag-poroka","17":"product_tag-praznicna-darila","18":"product_tag-prism","20":"first","21":"outofstock","22":"shipping-taxable","23":"purchasable","24":"product-type-simple"},"_links":{"self":[{"href":"https:\/\/steklarna-rogaska.si\/it\/wp-json\/wp\/v2\/product\/3836","targetHints":{"allow":["GET"]}}],"collection":[{"href":"https:\/\/steklarna-rogaska.si\/it\/wp-json\/wp\/v2\/product"}],"about":[{"href":"https:\/\/steklarna-rogaska.si\/it\/wp-json\/wp\/v2\/types\/product"}],"replies":[{"embeddable":true,"href":"https:\/\/steklarna-rogaska.si\/it\/wp-json\/wp\/v2\/comments?post=3836"}],"wp:featuredmedia":[{"embeddable":true,"href":"https:\/\/steklarna-rogaska.si\/it\/wp-json\/wp\/v2\/media\/3885"}],"wp:attachment":[{"href":"https:\/\/steklarna-rogaska.si\/it\/wp-json\/wp\/v2\/media?parent=3836"}],"wp:term":[{"taxonomy":"product_brand","embeddable":true,"href":"https:\/\/steklarna-rogaska.si\/it\/wp-json\/wp\/v2\/product_brand?post=3836"},{"taxonomy":"product_cat","embeddable":true,"href":"https:\/\/steklarna-rogaska.si\/it\/wp-json\/wp\/v2\/product_cat?post=3836"},{"taxonomy":"product_tag","embeddable":true,"href":"https:\/\/steklarna-rogaska.si\/it\/wp-json\/wp\/v2\/product_tag?post=3836"}],"curies":[{"name":"wp","href":"https:\/\/api.w.org\/{rel}","templated":true}]}}