{"id":3832,"date":"2019-12-28T09:26:29","date_gmt":"2019-12-28T09:26:29","guid":{"rendered":"https:\/\/steklarna-rogaska.si\/product\/import-placeholder-for-2306\/"},"modified":"2026-04-13T07:03:29","modified_gmt":"2026-04-13T07:03:29","slug":"prism-footed-centerpiece-33cm","status":"publish","type":"product","link":"https:\/\/steklarna-rogaska.si\/it\/product\/prism-footed-centerpiece-33cm\/","title":{"rendered":"SKLEDA 33 CM S PODSTAVKOM &#8211; PRISM &#8211; kos"},"content":{"rendered":"<p>vi\u0161ina = 144 mm<br \/>\n\u0161irina = 331 mm<br \/>\nte\u017ea = 5,3 kg<\/p>\n","protected":false},"excerpt":{"rendered":"<p>vi\u0161ina = 144 mm \u0161irina = 331 mm te\u017ea = 5,3 kg<\/p>\n","protected":false},"featured_media":3881,"comment_status":"closed","ping_status":"closed","template":"","meta":[],"product_brand":[],"product_cat":[916,920,919,942,944,946,947],"product_tag":[447,441,439,442,281],"class_list":{"0":"post-3832","1":"product","2":"type-product","3":"status-publish","4":"has-post-thumbnail","6":"product_cat-darilni-program-2","7":"product_cat-porocna-darila","8":"product_cat-poslovna-darila","9":"product_cat-krozniki-in-pladnji","10":"product_cat-pladnji","11":"product_cat-sklede-2","12":"product_cat-sklede-za-sadje-2","13":"product_tag-kroznik-za-pecivo","14":"product_tag-porocna-darila","15":"product_tag-poroka","16":"product_tag-praznicna-darila","17":"product_tag-prism","19":"first","20":"outofstock","21":"shipping-taxable","22":"purchasable","23":"product-type-simple"},"_links":{"self":[{"href":"https:\/\/steklarna-rogaska.si\/it\/wp-json\/wp\/v2\/product\/3832","targetHints":{"allow":["GET"]}}],"collection":[{"href":"https:\/\/steklarna-rogaska.si\/it\/wp-json\/wp\/v2\/product"}],"about":[{"href":"https:\/\/steklarna-rogaska.si\/it\/wp-json\/wp\/v2\/types\/product"}],"replies":[{"embeddable":true,"href":"https:\/\/steklarna-rogaska.si\/it\/wp-json\/wp\/v2\/comments?post=3832"}],"wp:featuredmedia":[{"embeddable":true,"href":"https:\/\/steklarna-rogaska.si\/it\/wp-json\/wp\/v2\/media\/3881"}],"wp:attachment":[{"href":"https:\/\/steklarna-rogaska.si\/it\/wp-json\/wp\/v2\/media?parent=3832"}],"wp:term":[{"taxonomy":"product_brand","embeddable":true,"href":"https:\/\/steklarna-rogaska.si\/it\/wp-json\/wp\/v2\/product_brand?post=3832"},{"taxonomy":"product_cat","embeddable":true,"href":"https:\/\/steklarna-rogaska.si\/it\/wp-json\/wp\/v2\/product_cat?post=3832"},{"taxonomy":"product_tag","embeddable":true,"href":"https:\/\/steklarna-rogaska.si\/it\/wp-json\/wp\/v2\/product_tag?post=3832"}],"curies":[{"name":"wp","href":"https:\/\/api.w.org\/{rel}","templated":true}]}}