{"id":3796,"date":"2019-12-28T09:25:46","date_gmt":"2019-12-28T09:25:46","guid":{"rendered":"https:\/\/steklarna-rogaska.si\/product\/import-placeholder-for-2262\/"},"modified":"2026-04-20T07:10:46","modified_gmt":"2026-04-20T07:10:46","slug":"oceania-vase-30-cm","status":"publish","type":"product","link":"https:\/\/steklarna-rogaska.si\/it\/product\/oceania-vase-30-cm\/","title":{"rendered":"VAZA 30 CM &#8211; OCEANIA &#8211; kos"},"content":{"rendered":"<p>vi\u0161ina =300 mm<br \/>\n\u0161irina = 170 mm<br \/>\nte\u017ea = 5,1 kg<\/p>\n","protected":false},"excerpt":{"rendered":"<p>vi\u0161ina =300 mm \u0161irina = 170 mm te\u017ea = 5,1 kg<\/p>\n","protected":false},"featured_media":3844,"comment_status":"closed","ping_status":"closed","template":"","meta":[],"product_brand":[],"product_cat":[950],"product_tag":[415,441,439,442],"class_list":{"0":"post-3796","1":"product","2":"type-product","3":"status-publish","4":"has-post-thumbnail","6":"product_cat-vaza","7":"product_tag-oceania","8":"product_tag-porocna-darila","9":"product_tag-poroka","10":"product_tag-praznicna-darila","12":"first","13":"instock","14":"shipping-taxable","15":"purchasable","16":"product-type-simple"},"_links":{"self":[{"href":"https:\/\/steklarna-rogaska.si\/it\/wp-json\/wp\/v2\/product\/3796","targetHints":{"allow":["GET"]}}],"collection":[{"href":"https:\/\/steklarna-rogaska.si\/it\/wp-json\/wp\/v2\/product"}],"about":[{"href":"https:\/\/steklarna-rogaska.si\/it\/wp-json\/wp\/v2\/types\/product"}],"replies":[{"embeddable":true,"href":"https:\/\/steklarna-rogaska.si\/it\/wp-json\/wp\/v2\/comments?post=3796"}],"wp:featuredmedia":[{"embeddable":true,"href":"https:\/\/steklarna-rogaska.si\/it\/wp-json\/wp\/v2\/media\/3844"}],"wp:attachment":[{"href":"https:\/\/steklarna-rogaska.si\/it\/wp-json\/wp\/v2\/media?parent=3796"}],"wp:term":[{"taxonomy":"product_brand","embeddable":true,"href":"https:\/\/steklarna-rogaska.si\/it\/wp-json\/wp\/v2\/product_brand?post=3796"},{"taxonomy":"product_cat","embeddable":true,"href":"https:\/\/steklarna-rogaska.si\/it\/wp-json\/wp\/v2\/product_cat?post=3796"},{"taxonomy":"product_tag","embeddable":true,"href":"https:\/\/steklarna-rogaska.si\/it\/wp-json\/wp\/v2\/product_tag?post=3796"}],"curies":[{"name":"wp","href":"https:\/\/api.w.org\/{rel}","templated":true}]}}