{"id":3782,"date":"2019-12-28T09:25:24","date_gmt":"2019-12-28T09:25:24","guid":{"rendered":"https:\/\/steklarna-rogaska.si\/product\/import-placeholder-for-2253\/"},"modified":"2026-04-13T07:03:32","modified_gmt":"2026-04-13T07:03:32","slug":"maison-square-decanter","status":"publish","type":"product","link":"https:\/\/steklarna-rogaska.si\/it\/product\/maison-square-decanter\/","title":{"rendered":"STEKLENICA ZA \u017dGANJE PRAVOKOTNA &#8211; MAISON &#8211; kos"},"content":{"rendered":"<p>vi\u0161ina = 263 mm<br \/>\n\u0161irina = 95 mm<br \/>\nte\u017ea = 2.4 kg<\/p>\n","protected":false},"excerpt":{"rendered":"<p>vi\u0161ina = 263 mm \u0161irina = 95 mm te\u017ea = 2.4 kg<\/p>\n","protected":false},"featured_media":3829,"comment_status":"closed","ping_status":"closed","template":"","meta":[],"product_brand":[],"product_cat":[196,908,935,936],"product_tag":[492,464,478],"class_list":{"0":"post-3782","1":"product","2":"type-product","3":"status-publish","4":"has-post-thumbnail","6":"product_cat-barski-program","7":"product_cat-steklenice-za-zganje","8":"product_cat-steklenice-dekanterji-vrci-posode","9":"product_cat-steklenica-za-zganje","10":"product_tag-maison","11":"product_tag-za-dekantiranje","12":"product_tag-za-zgane-pijace","14":"first","15":"instock","16":"shipping-taxable","17":"purchasable","18":"product-type-simple"},"_links":{"self":[{"href":"https:\/\/steklarna-rogaska.si\/it\/wp-json\/wp\/v2\/product\/3782","targetHints":{"allow":["GET"]}}],"collection":[{"href":"https:\/\/steklarna-rogaska.si\/it\/wp-json\/wp\/v2\/product"}],"about":[{"href":"https:\/\/steklarna-rogaska.si\/it\/wp-json\/wp\/v2\/types\/product"}],"replies":[{"embeddable":true,"href":"https:\/\/steklarna-rogaska.si\/it\/wp-json\/wp\/v2\/comments?post=3782"}],"wp:featuredmedia":[{"embeddable":true,"href":"https:\/\/steklarna-rogaska.si\/it\/wp-json\/wp\/v2\/media\/3829"}],"wp:attachment":[{"href":"https:\/\/steklarna-rogaska.si\/it\/wp-json\/wp\/v2\/media?parent=3782"}],"wp:term":[{"taxonomy":"product_brand","embeddable":true,"href":"https:\/\/steklarna-rogaska.si\/it\/wp-json\/wp\/v2\/product_brand?post=3782"},{"taxonomy":"product_cat","embeddable":true,"href":"https:\/\/steklarna-rogaska.si\/it\/wp-json\/wp\/v2\/product_cat?post=3782"},{"taxonomy":"product_tag","embeddable":true,"href":"https:\/\/steklarna-rogaska.si\/it\/wp-json\/wp\/v2\/product_tag?post=3782"}],"curies":[{"name":"wp","href":"https:\/\/api.w.org\/{rel}","templated":true}]}}