{"id":3761,"date":"2019-12-28T09:25:00","date_gmt":"2019-12-28T09:25:00","guid":{"rendered":"https:\/\/steklarna-rogaska.si\/product\/import-placeholder-for-2228\/"},"modified":"2026-04-13T07:03:36","modified_gmt":"2026-04-13T07:03:36","slug":"gem-footed-centerpiece-31-cm","status":"publish","type":"product","link":"https:\/\/steklarna-rogaska.si\/it\/product\/gem-footed-centerpiece-31-cm\/","title":{"rendered":"SKLEDA 31 CM S PODSTAVKOM &#8211; GEM &#8211; kos"},"content":{"rendered":"<p>vi\u0161ina = 182 mm<br \/>\n\u0161irina = 314 mm<br \/>\nte\u017ea = 5,2 kg<\/p>\n","protected":false},"excerpt":{"rendered":"<p>Lahko bi rekli, da je vsak kristalen izdelek Steklarne Roga\u0161ka dragulj &#8211; ohranja namre\u010d svojo vrednost in jo skozi generacije celo plemeniti. Vemo, da hrani in obuja na\u0161e dragocene spomine in podobno je tudi s serijo GEM. Serija, ki bo ostala lepa in &#8220;chic&#8221; \u0161e mnoga leta.<\/p>\n","protected":false},"featured_media":3809,"comment_status":"closed","ping_status":"closed","template":"","meta":[],"product_brand":[],"product_cat":[916,920,919,946,947],"product_tag":[417,441,439,442],"class_list":{"0":"post-3761","1":"product","2":"type-product","3":"status-publish","4":"has-post-thumbnail","6":"product_cat-darilni-program-2","7":"product_cat-porocna-darila","8":"product_cat-poslovna-darila","9":"product_cat-sklede-2","10":"product_cat-sklede-za-sadje-2","11":"product_tag-gem","12":"product_tag-porocna-darila","13":"product_tag-poroka","14":"product_tag-praznicna-darila","16":"first","17":"instock","18":"shipping-taxable","19":"purchasable","20":"product-type-simple"},"_links":{"self":[{"href":"https:\/\/steklarna-rogaska.si\/it\/wp-json\/wp\/v2\/product\/3761","targetHints":{"allow":["GET"]}}],"collection":[{"href":"https:\/\/steklarna-rogaska.si\/it\/wp-json\/wp\/v2\/product"}],"about":[{"href":"https:\/\/steklarna-rogaska.si\/it\/wp-json\/wp\/v2\/types\/product"}],"replies":[{"embeddable":true,"href":"https:\/\/steklarna-rogaska.si\/it\/wp-json\/wp\/v2\/comments?post=3761"}],"wp:featuredmedia":[{"embeddable":true,"href":"https:\/\/steklarna-rogaska.si\/it\/wp-json\/wp\/v2\/media\/3809"}],"wp:attachment":[{"href":"https:\/\/steklarna-rogaska.si\/it\/wp-json\/wp\/v2\/media?parent=3761"}],"wp:term":[{"taxonomy":"product_brand","embeddable":true,"href":"https:\/\/steklarna-rogaska.si\/it\/wp-json\/wp\/v2\/product_brand?post=3761"},{"taxonomy":"product_cat","embeddable":true,"href":"https:\/\/steklarna-rogaska.si\/it\/wp-json\/wp\/v2\/product_cat?post=3761"},{"taxonomy":"product_tag","embeddable":true,"href":"https:\/\/steklarna-rogaska.si\/it\/wp-json\/wp\/v2\/product_tag?post=3761"}],"curies":[{"name":"wp","href":"https:\/\/api.w.org\/{rel}","templated":true}]}}