{"id":3744,"date":"2019-12-28T09:24:37","date_gmt":"2019-12-28T09:24:37","guid":{"rendered":"https:\/\/steklarna-rogaska.si\/product\/import-placeholder-for-2215\/"},"modified":"2026-04-14T05:24:05","modified_gmt":"2026-04-14T05:24:05","slug":"diamonds-footed-bowl-37-cm","status":"publish","type":"product","link":"https:\/\/steklarna-rogaska.si\/it\/product\/diamonds-footed-bowl-37-cm\/","title":{"rendered":"SKLEDA 37 CM &#8211; DIAMONDS &#8211; kos"},"content":{"rendered":"<p>vi\u0161ina = 238 mm<br \/>\n\u0161irina = 366 mm<br \/>\nte\u017ea = 7,6 kg<\/p>\n","protected":false},"excerpt":{"rendered":"<p>vi\u0161ina = 238 mm \u0161irina = 366 mm te\u017ea = 7,6 kg<\/p>\n","protected":false},"featured_media":3793,"comment_status":"closed","ping_status":"open","template":"","meta":[],"product_brand":[],"product_cat":[916,917,946,947],"product_tag":[397,441,439,442],"class_list":{"0":"post-3744","1":"product","2":"type-product","3":"status-publish","4":"has-post-thumbnail","6":"product_cat-darilni-program-2","7":"product_cat-unikatna-darila","8":"product_cat-sklede-2","9":"product_cat-sklede-za-sadje-2","10":"product_tag-diamonds","11":"product_tag-porocna-darila","12":"product_tag-poroka","13":"product_tag-praznicna-darila","15":"first","16":"instock","17":"shipping-taxable","18":"purchasable","19":"product-type-simple"},"_links":{"self":[{"href":"https:\/\/steklarna-rogaska.si\/it\/wp-json\/wp\/v2\/product\/3744","targetHints":{"allow":["GET"]}}],"collection":[{"href":"https:\/\/steklarna-rogaska.si\/it\/wp-json\/wp\/v2\/product"}],"about":[{"href":"https:\/\/steklarna-rogaska.si\/it\/wp-json\/wp\/v2\/types\/product"}],"replies":[{"embeddable":true,"href":"https:\/\/steklarna-rogaska.si\/it\/wp-json\/wp\/v2\/comments?post=3744"}],"wp:featuredmedia":[{"embeddable":true,"href":"https:\/\/steklarna-rogaska.si\/it\/wp-json\/wp\/v2\/media\/3793"}],"wp:attachment":[{"href":"https:\/\/steklarna-rogaska.si\/it\/wp-json\/wp\/v2\/media?parent=3744"}],"wp:term":[{"taxonomy":"product_brand","embeddable":true,"href":"https:\/\/steklarna-rogaska.si\/it\/wp-json\/wp\/v2\/product_brand?post=3744"},{"taxonomy":"product_cat","embeddable":true,"href":"https:\/\/steklarna-rogaska.si\/it\/wp-json\/wp\/v2\/product_cat?post=3744"},{"taxonomy":"product_tag","embeddable":true,"href":"https:\/\/steklarna-rogaska.si\/it\/wp-json\/wp\/v2\/product_tag?post=3744"}],"curies":[{"name":"wp","href":"https:\/\/api.w.org\/{rel}","templated":true}]}}