{"id":3683,"date":"2019-12-28T09:23:27","date_gmt":"2019-12-28T09:23:27","guid":{"rendered":"https:\/\/steklarna-rogaska.si\/product\/import-placeholder-for-2132\/"},"modified":"2026-04-13T06:48:22","modified_gmt":"2026-04-13T06:48:22","slug":"crown-jewel-footed-cake-plate","status":"publish","type":"product","link":"https:\/\/steklarna-rogaska.si\/it\/product\/crown-jewel-footed-cake-plate\/","title":{"rendered":"KRO\u017dNIK 33 CM NA PODSTAVKU &#8211; CROWN JEWEL &#8211; kos"},"content":{"rendered":"<p>vi\u0161ina = 153 mm<br \/>\n\u0161irina = 340 mm<br \/>\nte\u017ea = 4.3 kg<\/p>\n","protected":false},"excerpt":{"rendered":"<p>vi\u0161ina = 153 mm \u0161irina = 340 mm te\u017ea = 4.3 kg<\/p>\n","protected":false},"featured_media":5105,"comment_status":"closed","ping_status":"open","template":"","meta":[],"product_brand":[],"product_cat":[942,944,945],"product_tag":[384,447,1005],"class_list":{"0":"post-3683","1":"product","2":"type-product","3":"status-publish","4":"has-post-thumbnail","6":"product_cat-krozniki-in-pladnji","7":"product_cat-pladnji","8":"product_cat-podstavki-za-torte","9":"product_tag-crown-jewel","10":"product_tag-kroznik-za-pecivo","11":"product_tag-podstavek-za-torto","13":"first","14":"instock","15":"shipping-taxable","16":"purchasable","17":"product-type-simple"},"_links":{"self":[{"href":"https:\/\/steklarna-rogaska.si\/it\/wp-json\/wp\/v2\/product\/3683","targetHints":{"allow":["GET"]}}],"collection":[{"href":"https:\/\/steklarna-rogaska.si\/it\/wp-json\/wp\/v2\/product"}],"about":[{"href":"https:\/\/steklarna-rogaska.si\/it\/wp-json\/wp\/v2\/types\/product"}],"replies":[{"embeddable":true,"href":"https:\/\/steklarna-rogaska.si\/it\/wp-json\/wp\/v2\/comments?post=3683"}],"wp:featuredmedia":[{"embeddable":true,"href":"https:\/\/steklarna-rogaska.si\/it\/wp-json\/wp\/v2\/media\/5105"}],"wp:attachment":[{"href":"https:\/\/steklarna-rogaska.si\/it\/wp-json\/wp\/v2\/media?parent=3683"}],"wp:term":[{"taxonomy":"product_brand","embeddable":true,"href":"https:\/\/steklarna-rogaska.si\/it\/wp-json\/wp\/v2\/product_brand?post=3683"},{"taxonomy":"product_cat","embeddable":true,"href":"https:\/\/steklarna-rogaska.si\/it\/wp-json\/wp\/v2\/product_cat?post=3683"},{"taxonomy":"product_tag","embeddable":true,"href":"https:\/\/steklarna-rogaska.si\/it\/wp-json\/wp\/v2\/product_tag?post=3683"}],"curies":[{"name":"wp","href":"https:\/\/api.w.org\/{rel}","templated":true}]}}