{"id":3681,"date":"2019-12-28T09:23:27","date_gmt":"2019-12-28T09:23:27","guid":{"rendered":"https:\/\/steklarna-rogaska.si\/product\/import-placeholder-for-2130\/"},"modified":"2026-04-13T06:49:18","modified_gmt":"2026-04-13T06:49:18","slug":"crown-jewel-footed-bowl-30-cm-2","status":"publish","type":"product","link":"https:\/\/steklarna-rogaska.si\/it\/product\/crown-jewel-footed-bowl-30-cm-2\/","title":{"rendered":"SKLEDA 30 CM NA PODSTAVKU &#8211; CROWN JEWEL &#8211; kos"},"content":{"rendered":"<p>vi\u0161ina = 191 mm<br \/>\n\u0161irina = 308 mm<br \/>\nte\u017ea = 4.8 kg<\/p>\n","protected":false},"excerpt":{"rendered":"<p>vi\u0161ina = 191 mm \u0161irina = 308 mm te\u017ea = 4.8 kg<\/p>\n","protected":false},"featured_media":3716,"comment_status":"closed","ping_status":"open","template":"","meta":[],"product_brand":[],"product_cat":[916,921,920,919,946,947],"product_tag":[384,452],"class_list":{"0":"post-3681","1":"product","2":"type-product","3":"status-publish","4":"has-post-thumbnail","6":"product_cat-darilni-program-2","7":"product_cat-darila-zanjo","8":"product_cat-porocna-darila","9":"product_cat-poslovna-darila","10":"product_cat-sklede-2","11":"product_cat-sklede-za-sadje-2","12":"product_tag-crown-jewel","13":"product_tag-praznovanje","15":"first","16":"instock","17":"shipping-taxable","18":"purchasable","19":"product-type-simple"},"_links":{"self":[{"href":"https:\/\/steklarna-rogaska.si\/it\/wp-json\/wp\/v2\/product\/3681","targetHints":{"allow":["GET"]}}],"collection":[{"href":"https:\/\/steklarna-rogaska.si\/it\/wp-json\/wp\/v2\/product"}],"about":[{"href":"https:\/\/steklarna-rogaska.si\/it\/wp-json\/wp\/v2\/types\/product"}],"replies":[{"embeddable":true,"href":"https:\/\/steklarna-rogaska.si\/it\/wp-json\/wp\/v2\/comments?post=3681"}],"wp:featuredmedia":[{"embeddable":true,"href":"https:\/\/steklarna-rogaska.si\/it\/wp-json\/wp\/v2\/media\/3716"}],"wp:attachment":[{"href":"https:\/\/steklarna-rogaska.si\/it\/wp-json\/wp\/v2\/media?parent=3681"}],"wp:term":[{"taxonomy":"product_brand","embeddable":true,"href":"https:\/\/steklarna-rogaska.si\/it\/wp-json\/wp\/v2\/product_brand?post=3681"},{"taxonomy":"product_cat","embeddable":true,"href":"https:\/\/steklarna-rogaska.si\/it\/wp-json\/wp\/v2\/product_cat?post=3681"},{"taxonomy":"product_tag","embeddable":true,"href":"https:\/\/steklarna-rogaska.si\/it\/wp-json\/wp\/v2\/product_tag?post=3681"}],"curies":[{"name":"wp","href":"https:\/\/api.w.org\/{rel}","templated":true}]}}