{"id":3651,"date":"2019-12-28T09:22:44","date_gmt":"2019-12-28T09:22:44","guid":{"rendered":"https:\/\/steklarna-rogaska.si\/product\/import-placeholder-for-2118\/"},"modified":"2026-04-13T07:02:25","modified_gmt":"2026-04-13T07:02:25","slug":"crown-jewel-votive-13-cm","status":"publish","type":"product","link":"https:\/\/steklarna-rogaska.si\/it\/product\/crown-jewel-votive-13-cm\/","title":{"rendered":"VOTIV ZA \u010cAJNO SVE\u010cO &#8211; CROWN JEWEL &#8211; kos"},"content":{"rendered":"<p>vi\u0161ina= 87 mm<\/p>\n<p>\u0161irina= 127mm<\/p>\n<p>te\u017ea= 1,3 kg<\/p>\n","protected":false},"excerpt":{"rendered":"<p>vi\u0161ina= 87 mm \u0161irina= 127mm te\u017ea= 1,3 kg<\/p>\n","protected":false},"featured_media":3708,"comment_status":"closed","ping_status":"closed","template":"","meta":[],"product_brand":[],"product_cat":[953,955,916,921,923,919,996,952],"product_tag":[384,993,1013,1014],"class_list":{"0":"post-3651","1":"product","2":"type-product","3":"status-publish","4":"has-post-thumbnail","6":"product_cat-bozicna-dekoracija","7":"product_cat-dekorativni-dodatki","8":"product_cat-darilni-program-2","9":"product_cat-darila-zanjo","10":"product_cat-drobne-pozornosti","11":"product_cat-poslovna-darila","12":"product_cat-praznicna-ponudba","13":"product_cat-svecnik","14":"product_tag-crown-jewel","15":"product_tag-darilo","16":"product_tag-svecnik-za-cajno-svecko","17":"product_tag-votiv","19":"first","20":"instock","21":"shipping-taxable","22":"purchasable","23":"product-type-simple"},"_links":{"self":[{"href":"https:\/\/steklarna-rogaska.si\/it\/wp-json\/wp\/v2\/product\/3651","targetHints":{"allow":["GET"]}}],"collection":[{"href":"https:\/\/steklarna-rogaska.si\/it\/wp-json\/wp\/v2\/product"}],"about":[{"href":"https:\/\/steklarna-rogaska.si\/it\/wp-json\/wp\/v2\/types\/product"}],"replies":[{"embeddable":true,"href":"https:\/\/steklarna-rogaska.si\/it\/wp-json\/wp\/v2\/comments?post=3651"}],"wp:featuredmedia":[{"embeddable":true,"href":"https:\/\/steklarna-rogaska.si\/it\/wp-json\/wp\/v2\/media\/3708"}],"wp:attachment":[{"href":"https:\/\/steklarna-rogaska.si\/it\/wp-json\/wp\/v2\/media?parent=3651"}],"wp:term":[{"taxonomy":"product_brand","embeddable":true,"href":"https:\/\/steklarna-rogaska.si\/it\/wp-json\/wp\/v2\/product_brand?post=3651"},{"taxonomy":"product_cat","embeddable":true,"href":"https:\/\/steklarna-rogaska.si\/it\/wp-json\/wp\/v2\/product_cat?post=3651"},{"taxonomy":"product_tag","embeddable":true,"href":"https:\/\/steklarna-rogaska.si\/it\/wp-json\/wp\/v2\/product_tag?post=3651"}],"curies":[{"name":"wp","href":"https:\/\/api.w.org\/{rel}","templated":true}]}}