{"id":3650,"date":"2025-05-05T09:22:44","date_gmt":"2025-05-05T09:22:44","guid":{"rendered":"https:\/\/steklarna-rogaska.si\/product\/import-placeholder-for-2117\/"},"modified":"2026-04-13T06:50:54","modified_gmt":"2026-04-13T06:50:54","slug":"crown-jewel-ashtray-15-cm-20-cm","status":"publish","type":"product","link":"https:\/\/steklarna-rogaska.si\/it\/product\/crown-jewel-ashtray-15-cm-20-cm\/","title":{"rendered":"PEPELNIK 15 CM &#8211; CROWN JEWEL &#8211; kos"},"content":{"rendered":"<p>vi\u0161ina = 46 mm<br \/>\n\u0161irina = 138 mm<br \/>\nte\u017ea = 0.8 kg<\/p>\n","protected":false},"excerpt":{"rendered":"<p>vi\u0161ina = 46 mm \u0161irina = 138 mm te\u017ea = 0.8 kg<\/p>\n","protected":false},"featured_media":3698,"comment_status":"closed","ping_status":"closed","template":"","meta":[],"product_brand":[],"product_cat":[916,922,919,964],"product_tag":[384,483],"class_list":{"0":"post-3650","1":"product","2":"type-product","3":"status-publish","4":"has-post-thumbnail","6":"product_cat-darilni-program-2","7":"product_cat-darila-zanj","8":"product_cat-poslovna-darila","9":"product_cat-pepelniki-2","10":"product_tag-crown-jewel","11":"product_tag-pepelnik","13":"first","14":"instock","15":"shipping-taxable","16":"purchasable","17":"product-type-simple"},"_links":{"self":[{"href":"https:\/\/steklarna-rogaska.si\/it\/wp-json\/wp\/v2\/product\/3650","targetHints":{"allow":["GET"]}}],"collection":[{"href":"https:\/\/steklarna-rogaska.si\/it\/wp-json\/wp\/v2\/product"}],"about":[{"href":"https:\/\/steklarna-rogaska.si\/it\/wp-json\/wp\/v2\/types\/product"}],"replies":[{"embeddable":true,"href":"https:\/\/steklarna-rogaska.si\/it\/wp-json\/wp\/v2\/comments?post=3650"}],"wp:featuredmedia":[{"embeddable":true,"href":"https:\/\/steklarna-rogaska.si\/it\/wp-json\/wp\/v2\/media\/3698"}],"wp:attachment":[{"href":"https:\/\/steklarna-rogaska.si\/it\/wp-json\/wp\/v2\/media?parent=3650"}],"wp:term":[{"taxonomy":"product_brand","embeddable":true,"href":"https:\/\/steklarna-rogaska.si\/it\/wp-json\/wp\/v2\/product_brand?post=3650"},{"taxonomy":"product_cat","embeddable":true,"href":"https:\/\/steklarna-rogaska.si\/it\/wp-json\/wp\/v2\/product_cat?post=3650"},{"taxonomy":"product_tag","embeddable":true,"href":"https:\/\/steklarna-rogaska.si\/it\/wp-json\/wp\/v2\/product_tag?post=3650"}],"curies":[{"name":"wp","href":"https:\/\/api.w.org\/{rel}","templated":true}]}}