{"id":3630,"date":"2025-05-21T09:22:20","date_gmt":"2025-05-21T09:22:20","guid":{"rendered":"https:\/\/steklarna-rogaska.si\/product\/import-placeholder-for-2081\/"},"modified":"2026-04-13T06:50:43","modified_gmt":"2026-04-13T06:50:43","slug":"cobra-candleholder-26-cm","status":"publish","type":"product","link":"https:\/\/steklarna-rogaska.si\/it\/product\/cobra-candleholder-26-cm\/","title":{"rendered":"SVE\u010cNIK 26 CM &#8211; COBRA &#8211; kos"},"content":{"rendered":"<p>vi\u0161ina = 264 mm<br \/>\n\u0161irina = 98 mm<br \/>\nte\u017ea = 1.4 kg<\/p>\n","protected":false},"excerpt":{"rendered":"<p>vi\u0161ina = 264 mm \u0161irina = 98 mm te\u017ea = 1.4 kg<\/p>\n","protected":false},"featured_media":3679,"comment_status":"closed","ping_status":"closed","template":"","meta":[],"product_brand":[],"product_cat":[953,955,916,920,919,996,952],"product_tag":[378,441,442],"class_list":{"0":"post-3630","1":"product","2":"type-product","3":"status-publish","4":"has-post-thumbnail","6":"product_cat-bozicna-dekoracija","7":"product_cat-dekorativni-dodatki","8":"product_cat-darilni-program-2","9":"product_cat-porocna-darila","10":"product_cat-poslovna-darila","11":"product_cat-praznicna-ponudba","12":"product_cat-svecnik","13":"product_tag-cobra","14":"product_tag-porocna-darila","15":"product_tag-praznicna-darila","17":"first","18":"instock","19":"shipping-taxable","20":"purchasable","21":"product-type-simple"},"_links":{"self":[{"href":"https:\/\/steklarna-rogaska.si\/it\/wp-json\/wp\/v2\/product\/3630","targetHints":{"allow":["GET"]}}],"collection":[{"href":"https:\/\/steklarna-rogaska.si\/it\/wp-json\/wp\/v2\/product"}],"about":[{"href":"https:\/\/steklarna-rogaska.si\/it\/wp-json\/wp\/v2\/types\/product"}],"replies":[{"embeddable":true,"href":"https:\/\/steklarna-rogaska.si\/it\/wp-json\/wp\/v2\/comments?post=3630"}],"wp:featuredmedia":[{"embeddable":true,"href":"https:\/\/steklarna-rogaska.si\/it\/wp-json\/wp\/v2\/media\/3679"}],"wp:attachment":[{"href":"https:\/\/steklarna-rogaska.si\/it\/wp-json\/wp\/v2\/media?parent=3630"}],"wp:term":[{"taxonomy":"product_brand","embeddable":true,"href":"https:\/\/steklarna-rogaska.si\/it\/wp-json\/wp\/v2\/product_brand?post=3630"},{"taxonomy":"product_cat","embeddable":true,"href":"https:\/\/steklarna-rogaska.si\/it\/wp-json\/wp\/v2\/product_cat?post=3630"},{"taxonomy":"product_tag","embeddable":true,"href":"https:\/\/steklarna-rogaska.si\/it\/wp-json\/wp\/v2\/product_tag?post=3630"}],"curies":[{"name":"wp","href":"https:\/\/api.w.org\/{rel}","templated":true}]}}