{"id":3626,"date":"2019-12-28T09:22:20","date_gmt":"2019-12-28T09:22:20","guid":{"rendered":"https:\/\/steklarna-rogaska.si\/product\/import-placeholder-for-2071\/"},"modified":"2026-04-14T05:24:16","modified_gmt":"2026-04-14T05:24:16","slug":"brilliance-vase-30-cm","status":"publish","type":"product","link":"https:\/\/steklarna-rogaska.si\/it\/product\/brilliance-vase-30-cm\/","title":{"rendered":"VAZA 30 CM &#8211; BRILLIANCE &#8211; kos"},"content":{"rendered":"<p>vi\u0161ina = 300 mm<br \/>\n\u0161irina = 164 mm<br \/>\nte\u017ea = 4.5 kg<\/p>\n","protected":false},"excerpt":{"rendered":"<p>vi\u0161ina = 300 mm \u0161irina = 164 mm te\u017ea = 4.5 kg<\/p>\n","protected":false},"featured_media":3675,"comment_status":"closed","ping_status":"open","template":"","meta":[],"product_brand":[],"product_cat":[950],"product_tag":[370,441,439],"class_list":{"0":"post-3626","1":"product","2":"type-product","3":"status-publish","4":"has-post-thumbnail","6":"product_cat-vaza","7":"product_tag-brilliance","8":"product_tag-porocna-darila","9":"product_tag-poroka","11":"first","12":"instock","13":"shipping-taxable","14":"purchasable","15":"product-type-simple"},"_links":{"self":[{"href":"https:\/\/steklarna-rogaska.si\/it\/wp-json\/wp\/v2\/product\/3626","targetHints":{"allow":["GET"]}}],"collection":[{"href":"https:\/\/steklarna-rogaska.si\/it\/wp-json\/wp\/v2\/product"}],"about":[{"href":"https:\/\/steklarna-rogaska.si\/it\/wp-json\/wp\/v2\/types\/product"}],"replies":[{"embeddable":true,"href":"https:\/\/steklarna-rogaska.si\/it\/wp-json\/wp\/v2\/comments?post=3626"}],"wp:featuredmedia":[{"embeddable":true,"href":"https:\/\/steklarna-rogaska.si\/it\/wp-json\/wp\/v2\/media\/3675"}],"wp:attachment":[{"href":"https:\/\/steklarna-rogaska.si\/it\/wp-json\/wp\/v2\/media?parent=3626"}],"wp:term":[{"taxonomy":"product_brand","embeddable":true,"href":"https:\/\/steklarna-rogaska.si\/it\/wp-json\/wp\/v2\/product_brand?post=3626"},{"taxonomy":"product_cat","embeddable":true,"href":"https:\/\/steklarna-rogaska.si\/it\/wp-json\/wp\/v2\/product_cat?post=3626"},{"taxonomy":"product_tag","embeddable":true,"href":"https:\/\/steklarna-rogaska.si\/it\/wp-json\/wp\/v2\/product_tag?post=3626"}],"curies":[{"name":"wp","href":"https:\/\/api.w.org\/{rel}","templated":true}]}}