{"id":3614,"date":"2025-06-17T06:21:59","date_gmt":"2025-06-17T06:21:59","guid":{"rendered":"https:\/\/steklarna-rogaska.si\/product\/import-placeholder-for-2065\/"},"modified":"2026-04-14T05:12:48","modified_gmt":"2026-04-14T05:12:48","slug":"blossom-highball-set-of-2","status":"publish","type":"product","link":"https:\/\/steklarna-rogaska.si\/it\/product\/blossom-highball-set-of-2\/","title":{"rendered":"HIGHBALL KOZAREC ZA SOK, PIVO, KOKTEJL &#8211; BLOSSOM &#8211; set 2 kos"},"content":{"rendered":"<p>vi\u0161ina = 154 mm<br \/>\n\u0161irina = 80 mm<br \/>\nte\u017ea = 0.3 kg<\/p>\n","protected":false},"excerpt":{"rendered":"<p>vi\u0161ina = 154 mm \u0161irina = 80 mm te\u017ea = 0.3 kg<\/p>\n","protected":false},"featured_media":3672,"comment_status":"closed","ping_status":"closed","template":"","meta":[],"product_brand":[],"product_cat":[1139,924,932,933,284,446],"product_tag":[369,455],"class_list":{"0":"post-3614","1":"product","2":"type-product","3":"status-publish","4":"has-post-thumbnail","6":"product_cat-kozarci-za-koktajle","7":"product_cat-kozarci-2","8":"product_cat-kozarci-za-sok","9":"product_cat-kozarci-za-vodo-2","10":"product_cat-vinski-program-default-group","11":"product_cat-kozarci-za-vodo","12":"product_tag-blossom","13":"product_tag-za-vodo-pivo-sok-mesane-pijace","15":"first","16":"instock","17":"shipping-taxable","18":"purchasable","19":"product-type-simple"},"_links":{"self":[{"href":"https:\/\/steklarna-rogaska.si\/it\/wp-json\/wp\/v2\/product\/3614","targetHints":{"allow":["GET"]}}],"collection":[{"href":"https:\/\/steklarna-rogaska.si\/it\/wp-json\/wp\/v2\/product"}],"about":[{"href":"https:\/\/steklarna-rogaska.si\/it\/wp-json\/wp\/v2\/types\/product"}],"replies":[{"embeddable":true,"href":"https:\/\/steklarna-rogaska.si\/it\/wp-json\/wp\/v2\/comments?post=3614"}],"wp:featuredmedia":[{"embeddable":true,"href":"https:\/\/steklarna-rogaska.si\/it\/wp-json\/wp\/v2\/media\/3672"}],"wp:attachment":[{"href":"https:\/\/steklarna-rogaska.si\/it\/wp-json\/wp\/v2\/media?parent=3614"}],"wp:term":[{"taxonomy":"product_brand","embeddable":true,"href":"https:\/\/steklarna-rogaska.si\/it\/wp-json\/wp\/v2\/product_brand?post=3614"},{"taxonomy":"product_cat","embeddable":true,"href":"https:\/\/steklarna-rogaska.si\/it\/wp-json\/wp\/v2\/product_cat?post=3614"},{"taxonomy":"product_tag","embeddable":true,"href":"https:\/\/steklarna-rogaska.si\/it\/wp-json\/wp\/v2\/product_tag?post=3614"}],"curies":[{"name":"wp","href":"https:\/\/api.w.org\/{rel}","templated":true}]}}