{"id":3594,"date":"2019-12-28T09:21:36","date_gmt":"2019-12-28T09:21:36","guid":{"rendered":"https:\/\/steklarna-rogaska.si\/product\/import-placeholder-for-2046\/"},"modified":"2026-04-21T05:02:04","modified_gmt":"2026-04-21T05:02:04","slug":"bakhos-platter-30-cm","status":"publish","type":"product","link":"https:\/\/steklarna-rogaska.si\/it\/product\/bakhos-platter-30-cm\/","title":{"rendered":"KRO\u017dNIK 30 CM &#8211; BAKHOS &#8211; kos"},"content":{"rendered":"<p>vi\u0161ina = 65 mm<br \/>\n\u0161irina = 300 mm<br \/>\nte\u017ea = 2.0 kg<\/p>\n","protected":false},"excerpt":{"rendered":"<p>vi\u0161ina = 65 mm \u0161irina = 300 mm te\u017ea = 2.0 kg<\/p>\n","protected":false},"featured_media":3643,"comment_status":"closed","ping_status":"closed","template":"","meta":[],"product_brand":[],"product_cat":[916,919,917,918,942,943],"product_tag":[362,449,447],"class_list":{"0":"post-3594","1":"product","2":"type-product","3":"status-publish","4":"has-post-thumbnail","6":"product_cat-darilni-program-2","7":"product_cat-poslovna-darila","8":"product_cat-unikatna-darila","9":"product_cat-vecna-klasika-2","10":"product_cat-krozniki-in-pladnji","11":"product_cat-krozniki","12":"product_tag-bakhos","13":"product_tag-klasika","14":"product_tag-kroznik-za-pecivo","16":"first","17":"instock","18":"shipping-taxable","19":"purchasable","20":"product-type-simple"},"_links":{"self":[{"href":"https:\/\/steklarna-rogaska.si\/it\/wp-json\/wp\/v2\/product\/3594","targetHints":{"allow":["GET"]}}],"collection":[{"href":"https:\/\/steklarna-rogaska.si\/it\/wp-json\/wp\/v2\/product"}],"about":[{"href":"https:\/\/steklarna-rogaska.si\/it\/wp-json\/wp\/v2\/types\/product"}],"replies":[{"embeddable":true,"href":"https:\/\/steklarna-rogaska.si\/it\/wp-json\/wp\/v2\/comments?post=3594"}],"wp:featuredmedia":[{"embeddable":true,"href":"https:\/\/steklarna-rogaska.si\/it\/wp-json\/wp\/v2\/media\/3643"}],"wp:attachment":[{"href":"https:\/\/steklarna-rogaska.si\/it\/wp-json\/wp\/v2\/media?parent=3594"}],"wp:term":[{"taxonomy":"product_brand","embeddable":true,"href":"https:\/\/steklarna-rogaska.si\/it\/wp-json\/wp\/v2\/product_brand?post=3594"},{"taxonomy":"product_cat","embeddable":true,"href":"https:\/\/steklarna-rogaska.si\/it\/wp-json\/wp\/v2\/product_cat?post=3594"},{"taxonomy":"product_tag","embeddable":true,"href":"https:\/\/steklarna-rogaska.si\/it\/wp-json\/wp\/v2\/product_tag?post=3594"}],"curies":[{"name":"wp","href":"https:\/\/api.w.org\/{rel}","templated":true}]}}