{"id":3589,"date":"2019-12-28T09:21:36","date_gmt":"2019-12-28T09:21:36","guid":{"rendered":"https:\/\/steklarna-rogaska.si\/product\/import-placeholder-for-2039\/"},"modified":"2026-04-20T07:03:36","modified_gmt":"2026-04-20T07:03:36","slug":"bakhos-dof-set-of-2","status":"publish","type":"product","link":"https:\/\/steklarna-rogaska.si\/it\/product\/bakhos-dof-set-of-2\/","title":{"rendered":"DOF KOZAREC ZA VISKI &#8211; BAKHOS &#8211; set 2 kos"},"content":{"rendered":"<p>vi\u0161ina = 99 mm<br \/>\n\u0161irina = 84 mm<br \/>\nte\u017ea = 0.4 kg<\/p>\n","protected":false},"excerpt":{"rendered":"<p>vi\u0161ina = 99 mm \u0161irina = 84 mm te\u017ea = 0.4 kg<\/p>\n","protected":false},"featured_media":3638,"comment_status":"closed","ping_status":"closed","template":"","meta":[],"product_brand":[],"product_cat":[196,905,916,917,918,924,928],"product_tag":[362,449,452,458,456],"class_list":{"0":"post-3589","1":"product","2":"type-product","3":"status-publish","4":"has-post-thumbnail","6":"product_cat-barski-program","7":"product_cat-kozarci-za-viski","8":"product_cat-darilni-program-2","9":"product_cat-unikatna-darila","10":"product_cat-vecna-klasika-2","11":"product_cat-kozarci-2","12":"product_cat-kozarci-za-viski-2","13":"product_tag-bakhos","14":"product_tag-klasika","15":"product_tag-praznovanje","16":"product_tag-za-mesane-pijace","17":"product_tag-za-vodo-zgane-pijace","19":"first","20":"instock","21":"shipping-taxable","22":"purchasable","23":"product-type-simple"},"_links":{"self":[{"href":"https:\/\/steklarna-rogaska.si\/it\/wp-json\/wp\/v2\/product\/3589","targetHints":{"allow":["GET"]}}],"collection":[{"href":"https:\/\/steklarna-rogaska.si\/it\/wp-json\/wp\/v2\/product"}],"about":[{"href":"https:\/\/steklarna-rogaska.si\/it\/wp-json\/wp\/v2\/types\/product"}],"replies":[{"embeddable":true,"href":"https:\/\/steklarna-rogaska.si\/it\/wp-json\/wp\/v2\/comments?post=3589"}],"wp:featuredmedia":[{"embeddable":true,"href":"https:\/\/steklarna-rogaska.si\/it\/wp-json\/wp\/v2\/media\/3638"}],"wp:attachment":[{"href":"https:\/\/steklarna-rogaska.si\/it\/wp-json\/wp\/v2\/media?parent=3589"}],"wp:term":[{"taxonomy":"product_brand","embeddable":true,"href":"https:\/\/steklarna-rogaska.si\/it\/wp-json\/wp\/v2\/product_brand?post=3589"},{"taxonomy":"product_cat","embeddable":true,"href":"https:\/\/steklarna-rogaska.si\/it\/wp-json\/wp\/v2\/product_cat?post=3589"},{"taxonomy":"product_tag","embeddable":true,"href":"https:\/\/steklarna-rogaska.si\/it\/wp-json\/wp\/v2\/product_tag?post=3589"}],"curies":[{"name":"wp","href":"https:\/\/api.w.org\/{rel}","templated":true}]}}