{"id":3573,"date":"2019-12-28T09:21:12","date_gmt":"2019-12-28T09:21:12","guid":{"rendered":"https:\/\/steklarna-rogaska.si\/product\/import-placeholder-for-2021\/"},"modified":"2026-04-14T05:24:09","modified_gmt":"2026-04-14T05:24:09","slug":"avenue-cocktail-shaker","status":"publish","type":"product","link":"https:\/\/steklarna-rogaska.si\/it\/product\/avenue-cocktail-shaker\/","title":{"rendered":"KOKTEJL SHAKER &#8211; ME\u0160ALNIK &#8211; AVENUE &#8211; kos"},"content":{"rendered":"<p>vi\u0161ina = 187 mm<br \/>\n\u0161irina = 92 mm<br \/>\nte\u017ea = 1.0 kg<\/p>\n","protected":false},"excerpt":{"rendered":"<p>I\u0161\u010dete sodoben videz s pridihom tradicije? Kolekcija \u2018Avenue \u2019je kot nala\u0161\u010d za vas!<\/p>\n<p>Globoki V-brusi na elegantnih brez\u010dasnih izdelkih, ki se med seboj dopolnjujejo, vas ne bodo pustili hladne. Idealni so za poslovna in poro\u010dna darila, nanje prisegajo vsi ljubitelji prefinjenih \u017eganih pija\u010d.<\/p>\n","protected":false},"featured_media":3623,"comment_status":"closed","ping_status":"open","template":"","meta":[],"product_brand":[],"product_cat":[196],"product_tag":[183,473],"class_list":{"0":"post-3573","1":"product","2":"type-product","3":"status-publish","4":"has-post-thumbnail","6":"product_cat-barski-program","7":"product_tag-avenue","8":"product_tag-za-koktajle","10":"first","11":"instock","12":"shipping-taxable","13":"purchasable","14":"product-type-simple"},"_links":{"self":[{"href":"https:\/\/steklarna-rogaska.si\/it\/wp-json\/wp\/v2\/product\/3573","targetHints":{"allow":["GET"]}}],"collection":[{"href":"https:\/\/steklarna-rogaska.si\/it\/wp-json\/wp\/v2\/product"}],"about":[{"href":"https:\/\/steklarna-rogaska.si\/it\/wp-json\/wp\/v2\/types\/product"}],"replies":[{"embeddable":true,"href":"https:\/\/steklarna-rogaska.si\/it\/wp-json\/wp\/v2\/comments?post=3573"}],"wp:featuredmedia":[{"embeddable":true,"href":"https:\/\/steklarna-rogaska.si\/it\/wp-json\/wp\/v2\/media\/3623"}],"wp:attachment":[{"href":"https:\/\/steklarna-rogaska.si\/it\/wp-json\/wp\/v2\/media?parent=3573"}],"wp:term":[{"taxonomy":"product_brand","embeddable":true,"href":"https:\/\/steklarna-rogaska.si\/it\/wp-json\/wp\/v2\/product_brand?post=3573"},{"taxonomy":"product_cat","embeddable":true,"href":"https:\/\/steklarna-rogaska.si\/it\/wp-json\/wp\/v2\/product_cat?post=3573"},{"taxonomy":"product_tag","embeddable":true,"href":"https:\/\/steklarna-rogaska.si\/it\/wp-json\/wp\/v2\/product_tag?post=3573"}],"curies":[{"name":"wp","href":"https:\/\/api.w.org\/{rel}","templated":true}]}}