{"id":3545,"date":"2019-12-28T09:20:49","date_gmt":"2019-12-28T09:20:49","guid":{"rendered":"https:\/\/steklarna-rogaska.si\/product\/import-placeholder-for-1984\/"},"modified":"2026-04-14T05:02:15","modified_gmt":"2026-04-14T05:02:15","slug":"aurea-water-tumbler-set-of-2","status":"publish","type":"product","link":"https:\/\/steklarna-rogaska.si\/it\/product\/aurea-water-tumbler-set-of-2\/","title":{"rendered":"KOZAREC ZA VODO NA PECLJU &#8211; AUREA &#8211; set 2 kos"},"content":{"rendered":"<p>vi\u0161ina = 120 mm<br \/>\n\u0161irina = 90 mm<br \/>\nvol. &#8211; 400 ml<br \/>\nte\u017ea = 0.2 kg<\/p>\n","protected":false},"excerpt":{"rendered":"<p>&#8216;Aurea&#8217; je najbolj elegantna in ob\u0161irna vinska serija Roga\u0161ke, narejena za tiste, ki znajo ceniti zna\u010dilnosti razli\u010dnih sort grozdja. Ponuja tudi odli\u010dno izhodi\u0161\u010de, \u010de \u017eelite ustvariti svojo poznavalsko zbirko vinskih kelihov.<\/p>\n","protected":false},"featured_media":3585,"comment_status":"closed","ping_status":"closed","template":"","meta":[],"product_brand":[],"product_cat":[284,446],"product_tag":[244,467],"class_list":{"0":"post-3545","1":"product","2":"type-product","3":"status-publish","4":"has-post-thumbnail","6":"product_cat-vinski-program-default-group","7":"product_cat-kozarci-za-vodo","8":"product_tag-aurea","9":"product_tag-za-vodo","11":"first","12":"instock","13":"shipping-taxable","14":"purchasable","15":"product-type-simple"},"_links":{"self":[{"href":"https:\/\/steklarna-rogaska.si\/it\/wp-json\/wp\/v2\/product\/3545","targetHints":{"allow":["GET"]}}],"collection":[{"href":"https:\/\/steklarna-rogaska.si\/it\/wp-json\/wp\/v2\/product"}],"about":[{"href":"https:\/\/steklarna-rogaska.si\/it\/wp-json\/wp\/v2\/types\/product"}],"replies":[{"embeddable":true,"href":"https:\/\/steklarna-rogaska.si\/it\/wp-json\/wp\/v2\/comments?post=3545"}],"wp:featuredmedia":[{"embeddable":true,"href":"https:\/\/steklarna-rogaska.si\/it\/wp-json\/wp\/v2\/media\/3585"}],"wp:attachment":[{"href":"https:\/\/steklarna-rogaska.si\/it\/wp-json\/wp\/v2\/media?parent=3545"}],"wp:term":[{"taxonomy":"product_brand","embeddable":true,"href":"https:\/\/steklarna-rogaska.si\/it\/wp-json\/wp\/v2\/product_brand?post=3545"},{"taxonomy":"product_cat","embeddable":true,"href":"https:\/\/steklarna-rogaska.si\/it\/wp-json\/wp\/v2\/product_cat?post=3545"},{"taxonomy":"product_tag","embeddable":true,"href":"https:\/\/steklarna-rogaska.si\/it\/wp-json\/wp\/v2\/product_tag?post=3545"}],"curies":[{"name":"wp","href":"https:\/\/api.w.org\/{rel}","templated":true}]}}