{"id":3531,"date":"2019-12-28T09:20:27","date_gmt":"2019-12-28T09:20:27","guid":{"rendered":"https:\/\/steklarna-rogaska.si\/product\/import-placeholder-for-1979\/"},"modified":"2026-04-14T05:02:14","modified_gmt":"2026-04-14T05:02:14","slug":"aurea-carafe","status":"publish","type":"product","link":"https:\/\/steklarna-rogaska.si\/it\/product\/aurea-carafe\/","title":{"rendered":"DEKANTER ZA VINO Z ZAMA\u0160KOM &#8211; AUREA &#8211; kos"},"content":{"rendered":"<p>vi\u0161ina = 278 mm<br \/>\n\u0161irina = 225 mm<br \/>\nvol. 1.8 l<br \/>\nte\u017ea = 1.5 kg<\/p>\n","protected":false},"excerpt":{"rendered":"<p>vi\u0161ina = 278 mm \u0161irina = 225 mm vol. 1.8 l te\u017ea = 1.5 kg<\/p>\n","protected":false},"featured_media":3580,"comment_status":"closed","ping_status":"closed","template":"","meta":[],"product_brand":[],"product_cat":[935,939,284,913],"product_tag":[244,452,464,463],"class_list":{"0":"post-3531","1":"product","2":"type-product","3":"status-publish","4":"has-post-thumbnail","6":"product_cat-steklenice-dekanterji-vrci-posode","7":"product_cat-dekanter-za-vino-2","8":"product_cat-vinski-program-default-group","9":"product_cat-dekanter-za-vino","10":"product_tag-aurea","11":"product_tag-praznovanje","12":"product_tag-za-dekantiranje","13":"product_tag-za-vino","15":"first","16":"instock","17":"shipping-taxable","18":"purchasable","19":"product-type-simple"},"_links":{"self":[{"href":"https:\/\/steklarna-rogaska.si\/it\/wp-json\/wp\/v2\/product\/3531","targetHints":{"allow":["GET"]}}],"collection":[{"href":"https:\/\/steklarna-rogaska.si\/it\/wp-json\/wp\/v2\/product"}],"about":[{"href":"https:\/\/steklarna-rogaska.si\/it\/wp-json\/wp\/v2\/types\/product"}],"replies":[{"embeddable":true,"href":"https:\/\/steklarna-rogaska.si\/it\/wp-json\/wp\/v2\/comments?post=3531"}],"wp:featuredmedia":[{"embeddable":true,"href":"https:\/\/steklarna-rogaska.si\/it\/wp-json\/wp\/v2\/media\/3580"}],"wp:attachment":[{"href":"https:\/\/steklarna-rogaska.si\/it\/wp-json\/wp\/v2\/media?parent=3531"}],"wp:term":[{"taxonomy":"product_brand","embeddable":true,"href":"https:\/\/steklarna-rogaska.si\/it\/wp-json\/wp\/v2\/product_brand?post=3531"},{"taxonomy":"product_cat","embeddable":true,"href":"https:\/\/steklarna-rogaska.si\/it\/wp-json\/wp\/v2\/product_cat?post=3531"},{"taxonomy":"product_tag","embeddable":true,"href":"https:\/\/steklarna-rogaska.si\/it\/wp-json\/wp\/v2\/product_tag?post=3531"}],"curies":[{"name":"wp","href":"https:\/\/api.w.org\/{rel}","templated":true}]}}