{"id":3530,"date":"2019-12-28T09:20:27","date_gmt":"2019-12-28T09:20:27","guid":{"rendered":"https:\/\/steklarna-rogaska.si\/product\/import-placeholder-for-1975\/"},"modified":"2026-04-21T05:01:57","modified_gmt":"2026-04-21T05:01:57","slug":"aurea-decanter-18-l","status":"publish","type":"product","link":"https:\/\/steklarna-rogaska.si\/it\/product\/aurea-decanter-18-l\/","title":{"rendered":"DEKANTER ZA VINO BACCO &#8211; AUREA &#8211; kos"},"content":{"rendered":"<p>vi\u0161ina = 248 mm<br \/>\n\u0161irina = 233 mm<br \/>\nvol. &#8211; 1.8 l<br \/>\nte\u017ea = 1.0 kg<\/p>\n","protected":false},"excerpt":{"rendered":"<p>vi\u0161ina = 248 mm \u0161irina = 233 mm vol. &#8211; 1.8 l te\u017ea = 1.0 kg<\/p>\n","protected":false},"featured_media":3579,"comment_status":"closed","ping_status":"closed","template":"","meta":[],"product_brand":[],"product_cat":[935,938,284,913],"product_tag":[244,464,463],"class_list":{"0":"post-3530","1":"product","2":"type-product","3":"status-publish","4":"has-post-thumbnail","6":"product_cat-steklenice-dekanterji-vrci-posode","7":"product_cat-steklenica-za-vino","8":"product_cat-vinski-program-default-group","9":"product_cat-dekanter-za-vino","10":"product_tag-aurea","11":"product_tag-za-dekantiranje","12":"product_tag-za-vino","14":"first","15":"instock","16":"shipping-taxable","17":"purchasable","18":"product-type-simple"},"_links":{"self":[{"href":"https:\/\/steklarna-rogaska.si\/it\/wp-json\/wp\/v2\/product\/3530","targetHints":{"allow":["GET"]}}],"collection":[{"href":"https:\/\/steklarna-rogaska.si\/it\/wp-json\/wp\/v2\/product"}],"about":[{"href":"https:\/\/steklarna-rogaska.si\/it\/wp-json\/wp\/v2\/types\/product"}],"replies":[{"embeddable":true,"href":"https:\/\/steklarna-rogaska.si\/it\/wp-json\/wp\/v2\/comments?post=3530"}],"wp:featuredmedia":[{"embeddable":true,"href":"https:\/\/steklarna-rogaska.si\/it\/wp-json\/wp\/v2\/media\/3579"}],"wp:attachment":[{"href":"https:\/\/steklarna-rogaska.si\/it\/wp-json\/wp\/v2\/media?parent=3530"}],"wp:term":[{"taxonomy":"product_brand","embeddable":true,"href":"https:\/\/steklarna-rogaska.si\/it\/wp-json\/wp\/v2\/product_brand?post=3530"},{"taxonomy":"product_cat","embeddable":true,"href":"https:\/\/steklarna-rogaska.si\/it\/wp-json\/wp\/v2\/product_cat?post=3530"},{"taxonomy":"product_tag","embeddable":true,"href":"https:\/\/steklarna-rogaska.si\/it\/wp-json\/wp\/v2\/product_tag?post=3530"}],"curies":[{"name":"wp","href":"https:\/\/api.w.org\/{rel}","templated":true}]}}