{"id":3528,"date":"2019-12-28T09:20:27","date_gmt":"2019-12-28T09:20:27","guid":{"rendered":"https:\/\/steklarna-rogaska.si\/product\/import-placeholder-for-1973\/"},"modified":"2026-04-14T05:12:56","modified_gmt":"2026-04-14T05:12:56","slug":"aurea-decanter-duo","status":"publish","type":"product","link":"https:\/\/steklarna-rogaska.si\/it\/product\/aurea-decanter-duo\/","title":{"rendered":"DEKANTER ZA VINO DUO &#8211; AUREA &#8211; kos"},"content":{"rendered":"<p>vi\u0161ina = 287 mm<br \/>\n\u0161irina = 423 mm<br \/>\nvol.- 2 x 0.75 l<br \/>\nte\u017ea = 1.0 kg<\/p>\n","protected":false},"excerpt":{"rendered":"<p>vi\u0161ina = 287 mm \u0161irina = 423 mm vol.- 2 x 0.75 l te\u017ea = 1.0 kg<\/p>\n","protected":false},"featured_media":3577,"comment_status":"closed","ping_status":"closed","template":"","meta":[],"product_brand":[],"product_cat":[935,939,938,284,913],"product_tag":[244,464,463],"class_list":{"0":"post-3528","1":"product","2":"type-product","3":"status-publish","4":"has-post-thumbnail","6":"product_cat-steklenice-dekanterji-vrci-posode","7":"product_cat-dekanter-za-vino-2","8":"product_cat-steklenica-za-vino","9":"product_cat-vinski-program-default-group","10":"product_cat-dekanter-za-vino","11":"product_tag-aurea","12":"product_tag-za-dekantiranje","13":"product_tag-za-vino","15":"first","16":"outofstock","17":"shipping-taxable","18":"purchasable","19":"product-type-simple"},"_links":{"self":[{"href":"https:\/\/steklarna-rogaska.si\/it\/wp-json\/wp\/v2\/product\/3528","targetHints":{"allow":["GET"]}}],"collection":[{"href":"https:\/\/steklarna-rogaska.si\/it\/wp-json\/wp\/v2\/product"}],"about":[{"href":"https:\/\/steklarna-rogaska.si\/it\/wp-json\/wp\/v2\/types\/product"}],"replies":[{"embeddable":true,"href":"https:\/\/steklarna-rogaska.si\/it\/wp-json\/wp\/v2\/comments?post=3528"}],"wp:featuredmedia":[{"embeddable":true,"href":"https:\/\/steklarna-rogaska.si\/it\/wp-json\/wp\/v2\/media\/3577"}],"wp:attachment":[{"href":"https:\/\/steklarna-rogaska.si\/it\/wp-json\/wp\/v2\/media?parent=3528"}],"wp:term":[{"taxonomy":"product_brand","embeddable":true,"href":"https:\/\/steklarna-rogaska.si\/it\/wp-json\/wp\/v2\/product_brand?post=3528"},{"taxonomy":"product_cat","embeddable":true,"href":"https:\/\/steklarna-rogaska.si\/it\/wp-json\/wp\/v2\/product_cat?post=3528"},{"taxonomy":"product_tag","embeddable":true,"href":"https:\/\/steklarna-rogaska.si\/it\/wp-json\/wp\/v2\/product_tag?post=3528"}],"curies":[{"name":"wp","href":"https:\/\/api.w.org\/{rel}","templated":true}]}}