{"id":3526,"date":"2019-12-28T09:20:27","date_gmt":"2019-12-28T09:20:27","guid":{"rendered":"https:\/\/steklarna-rogaska.si\/product\/import-placeholder-for-1970\/"},"modified":"2026-04-21T05:12:37","modified_gmt":"2026-04-21T05:12:37","slug":"aurea-decanter-forte","status":"publish","type":"product","link":"https:\/\/steklarna-rogaska.si\/it\/product\/aurea-decanter-forte\/","title":{"rendered":"DEKANTER ZA VINO FORTE &#8211; AUREA &#8211; kos"},"content":{"rendered":"<p>vi\u0161ina = 430 mm<br \/>\n\u0161irina = 218 mm<br \/>\nvol. &#8211; 1.8 l<br \/>\nte\u017ea = 0.9 kg<\/p>\n","protected":false},"excerpt":{"rendered":"<p>vi\u0161ina = 430 mm \u0161irina = 218 mm vol. &#8211; 1.8 l te\u017ea = 0.9 kg<\/p>\n","protected":false},"featured_media":3564,"comment_status":"closed","ping_status":"closed","template":"","meta":[],"product_brand":[],"product_cat":[916,922,919,935,939,938,937,284,913,912],"product_tag":[244,466,464,463],"class_list":{"0":"post-3526","1":"product","2":"type-product","3":"status-publish","4":"has-post-thumbnail","6":"product_cat-darilni-program-2","7":"product_cat-darila-zanj","8":"product_cat-poslovna-darila","9":"product_cat-steklenice-dekanterji-vrci-posode","10":"product_cat-dekanter-za-vino-2","11":"product_cat-steklenica-za-vino","12":"product_cat-steklenica-za-vodo","13":"product_cat-vinski-program-default-group","14":"product_cat-dekanter-za-vino","15":"product_cat-steklenice-za-vino","16":"product_tag-aurea","17":"product_tag-poseben-dizajn","18":"product_tag-za-dekantiranje","19":"product_tag-za-vino","21":"first","22":"instock","23":"shipping-taxable","24":"purchasable","25":"product-type-simple"},"_links":{"self":[{"href":"https:\/\/steklarna-rogaska.si\/it\/wp-json\/wp\/v2\/product\/3526","targetHints":{"allow":["GET"]}}],"collection":[{"href":"https:\/\/steklarna-rogaska.si\/it\/wp-json\/wp\/v2\/product"}],"about":[{"href":"https:\/\/steklarna-rogaska.si\/it\/wp-json\/wp\/v2\/types\/product"}],"replies":[{"embeddable":true,"href":"https:\/\/steklarna-rogaska.si\/it\/wp-json\/wp\/v2\/comments?post=3526"}],"wp:featuredmedia":[{"embeddable":true,"href":"https:\/\/steklarna-rogaska.si\/it\/wp-json\/wp\/v2\/media\/3564"}],"wp:attachment":[{"href":"https:\/\/steklarna-rogaska.si\/it\/wp-json\/wp\/v2\/media?parent=3526"}],"wp:term":[{"taxonomy":"product_brand","embeddable":true,"href":"https:\/\/steklarna-rogaska.si\/it\/wp-json\/wp\/v2\/product_brand?post=3526"},{"taxonomy":"product_cat","embeddable":true,"href":"https:\/\/steklarna-rogaska.si\/it\/wp-json\/wp\/v2\/product_cat?post=3526"},{"taxonomy":"product_tag","embeddable":true,"href":"https:\/\/steklarna-rogaska.si\/it\/wp-json\/wp\/v2\/product_tag?post=3526"}],"curies":[{"name":"wp","href":"https:\/\/api.w.org\/{rel}","templated":true}]}}