{"id":3515,"date":"2019-12-28T09:20:04","date_gmt":"2019-12-28T09:20:04","guid":{"rendered":"https:\/\/steklarna-rogaska.si\/product\/import-placeholder-for-1969\/"},"modified":"2026-04-14T05:13:08","modified_gmt":"2026-04-14T05:13:08","slug":"aurea-decanter-fortissimo","status":"publish","type":"product","link":"https:\/\/steklarna-rogaska.si\/it\/product\/aurea-decanter-fortissimo\/","title":{"rendered":"DEKANTER ZA VINO FORTISSIMO &#8211; AUREA &#8211; kos"},"content":{"rendered":"<p>vi\u0161ina = 305 mm<br \/>\n\u0161irina = 325 mm<br \/>\nvol. &#8211; 1,6 l<br \/>\nte\u017ea = 1.3 kg<\/p>\n","protected":false},"excerpt":{"rendered":"<p>vi\u0161ina = 305 mm \u0161irina = 325 mm vol. &#8211; 1,6 l te\u017ea = 1.3 kg<\/p>\n","protected":false},"featured_media":3563,"comment_status":"closed","ping_status":"closed","template":"","meta":[],"product_brand":[],"product_cat":[916,920,919,996,935,939,284,913,912],"product_tag":[244,466,464,463],"class_list":{"0":"post-3515","1":"product","2":"type-product","3":"status-publish","4":"has-post-thumbnail","6":"product_cat-darilni-program-2","7":"product_cat-porocna-darila","8":"product_cat-poslovna-darila","9":"product_cat-praznicna-ponudba","10":"product_cat-steklenice-dekanterji-vrci-posode","11":"product_cat-dekanter-za-vino-2","12":"product_cat-vinski-program-default-group","13":"product_cat-dekanter-za-vino","14":"product_cat-steklenice-za-vino","15":"product_tag-aurea","16":"product_tag-poseben-dizajn","17":"product_tag-za-dekantiranje","18":"product_tag-za-vino","20":"first","21":"instock","22":"shipping-taxable","23":"purchasable","24":"product-type-simple"},"_links":{"self":[{"href":"https:\/\/steklarna-rogaska.si\/it\/wp-json\/wp\/v2\/product\/3515","targetHints":{"allow":["GET"]}}],"collection":[{"href":"https:\/\/steklarna-rogaska.si\/it\/wp-json\/wp\/v2\/product"}],"about":[{"href":"https:\/\/steklarna-rogaska.si\/it\/wp-json\/wp\/v2\/types\/product"}],"replies":[{"embeddable":true,"href":"https:\/\/steklarna-rogaska.si\/it\/wp-json\/wp\/v2\/comments?post=3515"}],"wp:featuredmedia":[{"embeddable":true,"href":"https:\/\/steklarna-rogaska.si\/it\/wp-json\/wp\/v2\/media\/3563"}],"wp:attachment":[{"href":"https:\/\/steklarna-rogaska.si\/it\/wp-json\/wp\/v2\/media?parent=3515"}],"wp:term":[{"taxonomy":"product_brand","embeddable":true,"href":"https:\/\/steklarna-rogaska.si\/it\/wp-json\/wp\/v2\/product_brand?post=3515"},{"taxonomy":"product_cat","embeddable":true,"href":"https:\/\/steklarna-rogaska.si\/it\/wp-json\/wp\/v2\/product_cat?post=3515"},{"taxonomy":"product_tag","embeddable":true,"href":"https:\/\/steklarna-rogaska.si\/it\/wp-json\/wp\/v2\/product_tag?post=3515"}],"curies":[{"name":"wp","href":"https:\/\/api.w.org\/{rel}","templated":true}]}}