{"id":3506,"date":"2019-12-28T09:20:03","date_gmt":"2019-12-28T09:20:03","guid":{"rendered":"https:\/\/steklarna-rogaska.si\/product\/import-placeholder-for-1938\/"},"modified":"2026-04-21T05:23:56","modified_gmt":"2026-04-21T05:23:56","slug":"aulide-wine-chiller-gold","status":"publish","type":"product","link":"https:\/\/steklarna-rogaska.si\/it\/product\/aulide-wine-chiller-gold\/","title":{"rendered":"POSODA ZA LED VELIKA &#8211; AULIDE GOLD &#8211; kos"},"content":{"rendered":"<p>vi\u0161ina = 220 mm<br \/>\n\u0161irina = 216 mm<br \/>\nte\u017ea = 4.9 kg<\/p>\n","protected":false},"excerpt":{"rendered":"<p>vi\u0161ina = 220 mm \u0161irina = 216 mm te\u017ea = 4.9 kg<\/p>\n","protected":false},"featured_media":3555,"comment_status":"closed","ping_status":"open","template":"","meta":[],"product_brand":[],"product_cat":[444,935,284,453],"product_tag":[346,452,459],"class_list":{"0":"post-3506","1":"product","2":"type-product","3":"status-publish","4":"has-post-thumbnail","6":"product_cat-posoda-za-hlajenje","7":"product_cat-steklenice-dekanterji-vrci-posode","8":"product_cat-vinski-program-default-group","9":"product_cat-posode-za-led-2","10":"product_tag-aulide-gold","11":"product_tag-praznovanje","12":"product_tag-za-hlajenje-pijace","14":"first","15":"instock","16":"shipping-taxable","17":"purchasable","18":"product-type-simple"},"_links":{"self":[{"href":"https:\/\/steklarna-rogaska.si\/it\/wp-json\/wp\/v2\/product\/3506","targetHints":{"allow":["GET"]}}],"collection":[{"href":"https:\/\/steklarna-rogaska.si\/it\/wp-json\/wp\/v2\/product"}],"about":[{"href":"https:\/\/steklarna-rogaska.si\/it\/wp-json\/wp\/v2\/types\/product"}],"replies":[{"embeddable":true,"href":"https:\/\/steklarna-rogaska.si\/it\/wp-json\/wp\/v2\/comments?post=3506"}],"wp:featuredmedia":[{"embeddable":true,"href":"https:\/\/steklarna-rogaska.si\/it\/wp-json\/wp\/v2\/media\/3555"}],"wp:attachment":[{"href":"https:\/\/steklarna-rogaska.si\/it\/wp-json\/wp\/v2\/media?parent=3506"}],"wp:term":[{"taxonomy":"product_brand","embeddable":true,"href":"https:\/\/steklarna-rogaska.si\/it\/wp-json\/wp\/v2\/product_brand?post=3506"},{"taxonomy":"product_cat","embeddable":true,"href":"https:\/\/steklarna-rogaska.si\/it\/wp-json\/wp\/v2\/product_cat?post=3506"},{"taxonomy":"product_tag","embeddable":true,"href":"https:\/\/steklarna-rogaska.si\/it\/wp-json\/wp\/v2\/product_tag?post=3506"}],"curies":[{"name":"wp","href":"https:\/\/api.w.org\/{rel}","templated":true}]}}