{"id":3492,"date":"2019-12-28T09:19:40","date_gmt":"2019-12-28T09:19:40","guid":{"rendered":"https:\/\/steklarna-rogaska.si\/product\/import-placeholder-for-1934\/"},"modified":"2026-04-21T05:23:47","modified_gmt":"2026-04-21T05:23:47","slug":"aulide-highball-gold-set-of-2","status":"publish","type":"product","link":"https:\/\/steklarna-rogaska.si\/it\/product\/aulide-highball-gold-set-of-2\/","title":{"rendered":"HIGHBALL KOZAREC ZA SOK, KOKTEJL &#8211; AULIDE GOLD &#8211; set 2 kos"},"content":{"rendered":"<p>vi\u0161ina = 145 mm<br \/>\n\u0161irina = 82 mm<br \/>\nte\u017ea = 0.4 kg<\/p>\n","protected":false},"excerpt":{"rendered":"<p>vi\u0161ina = 145 mm \u0161irina = 82 mm te\u017ea = 0.4 kg<\/p>\n","protected":false},"featured_media":3541,"comment_status":"closed","ping_status":"open","template":"","meta":[],"product_brand":[],"product_cat":[196,1139,924,932,933],"product_tag":[346,451,452,455],"class_list":{"0":"post-3492","1":"product","2":"type-product","3":"status-publish","4":"has-post-thumbnail","6":"product_cat-barski-program","7":"product_cat-kozarci-za-koktajle","8":"product_cat-kozarci-2","9":"product_cat-kozarci-za-sok","10":"product_cat-kozarci-za-vodo-2","11":"product_tag-aulide-gold","12":"product_tag-bar","13":"product_tag-praznovanje","14":"product_tag-za-vodo-pivo-sok-mesane-pijace","16":"first","17":"instock","18":"shipping-taxable","19":"purchasable","20":"product-type-simple"},"_links":{"self":[{"href":"https:\/\/steklarna-rogaska.si\/it\/wp-json\/wp\/v2\/product\/3492","targetHints":{"allow":["GET"]}}],"collection":[{"href":"https:\/\/steklarna-rogaska.si\/it\/wp-json\/wp\/v2\/product"}],"about":[{"href":"https:\/\/steklarna-rogaska.si\/it\/wp-json\/wp\/v2\/types\/product"}],"replies":[{"embeddable":true,"href":"https:\/\/steklarna-rogaska.si\/it\/wp-json\/wp\/v2\/comments?post=3492"}],"wp:featuredmedia":[{"embeddable":true,"href":"https:\/\/steklarna-rogaska.si\/it\/wp-json\/wp\/v2\/media\/3541"}],"wp:attachment":[{"href":"https:\/\/steklarna-rogaska.si\/it\/wp-json\/wp\/v2\/media?parent=3492"}],"wp:term":[{"taxonomy":"product_brand","embeddable":true,"href":"https:\/\/steklarna-rogaska.si\/it\/wp-json\/wp\/v2\/product_brand?post=3492"},{"taxonomy":"product_cat","embeddable":true,"href":"https:\/\/steklarna-rogaska.si\/it\/wp-json\/wp\/v2\/product_cat?post=3492"},{"taxonomy":"product_tag","embeddable":true,"href":"https:\/\/steklarna-rogaska.si\/it\/wp-json\/wp\/v2\/product_tag?post=3492"}],"curies":[{"name":"wp","href":"https:\/\/api.w.org\/{rel}","templated":true}]}}