{"id":3490,"date":"2019-12-28T09:19:39","date_gmt":"2019-12-28T09:19:39","guid":{"rendered":"https:\/\/steklarna-rogaska.si\/product\/import-placeholder-for-1932\/"},"modified":"2026-04-20T06:57:22","modified_gmt":"2026-04-20T06:57:22","slug":"aulide-decanter-gold","status":"publish","type":"product","link":"https:\/\/steklarna-rogaska.si\/it\/product\/aulide-decanter-gold\/","title":{"rendered":"STEKLENICA ZA VINO &#8211; AULIDE GOLD &#8211; kos"},"content":{"rendered":"<p>vi\u0161ina = 355 mm<br \/>\n\u0161irina = 144 mm<br \/>\nte\u017ea = 2.0 kg<\/p>\n","protected":false},"excerpt":{"rendered":"<p>vi\u0161ina = 355 mm \u0161irina = 144 mm te\u017ea = 2.0 kg<\/p>\n","protected":false},"featured_media":3539,"comment_status":"closed","ping_status":"closed","template":"","meta":[],"product_brand":[],"product_cat":[935,938,936,284],"product_tag":[346,439,452],"class_list":{"0":"post-3490","1":"product","2":"type-product","3":"status-publish","4":"has-post-thumbnail","6":"product_cat-steklenice-dekanterji-vrci-posode","7":"product_cat-steklenica-za-vino","8":"product_cat-steklenica-za-zganje","9":"product_cat-vinski-program-default-group","10":"product_tag-aulide-gold","11":"product_tag-poroka","12":"product_tag-praznovanje","14":"first","15":"instock","16":"shipping-taxable","17":"purchasable","18":"product-type-simple"},"_links":{"self":[{"href":"https:\/\/steklarna-rogaska.si\/it\/wp-json\/wp\/v2\/product\/3490","targetHints":{"allow":["GET"]}}],"collection":[{"href":"https:\/\/steklarna-rogaska.si\/it\/wp-json\/wp\/v2\/product"}],"about":[{"href":"https:\/\/steklarna-rogaska.si\/it\/wp-json\/wp\/v2\/types\/product"}],"replies":[{"embeddable":true,"href":"https:\/\/steklarna-rogaska.si\/it\/wp-json\/wp\/v2\/comments?post=3490"}],"wp:featuredmedia":[{"embeddable":true,"href":"https:\/\/steklarna-rogaska.si\/it\/wp-json\/wp\/v2\/media\/3539"}],"wp:attachment":[{"href":"https:\/\/steklarna-rogaska.si\/it\/wp-json\/wp\/v2\/media?parent=3490"}],"wp:term":[{"taxonomy":"product_brand","embeddable":true,"href":"https:\/\/steklarna-rogaska.si\/it\/wp-json\/wp\/v2\/product_brand?post=3490"},{"taxonomy":"product_cat","embeddable":true,"href":"https:\/\/steklarna-rogaska.si\/it\/wp-json\/wp\/v2\/product_cat?post=3490"},{"taxonomy":"product_tag","embeddable":true,"href":"https:\/\/steklarna-rogaska.si\/it\/wp-json\/wp\/v2\/product_tag?post=3490"}],"curies":[{"name":"wp","href":"https:\/\/api.w.org\/{rel}","templated":true}]}}