{"id":3488,"date":"2019-12-28T09:19:39","date_gmt":"2019-12-28T09:19:39","guid":{"rendered":"https:\/\/steklarna-rogaska.si\/product\/import-placeholder-for-1930\/"},"modified":"2026-04-13T07:17:38","modified_gmt":"2026-04-13T07:17:38","slug":"aulide-gold-kozarec-za-rdece-vino-vodo-set-2","status":"publish","type":"product","link":"https:\/\/steklarna-rogaska.si\/it\/product\/aulide-gold-kozarec-za-rdece-vino-vodo-set-2\/","title":{"rendered":"KOZAREC ZA VODO NA PECLJU &#8211; AULIDE GOLD &#8211; set 2 kos"},"content":{"rendered":"<p>vi\u0161ina = 207 mm<br \/>\n\u0161irina = 88 mm<br \/>\nte\u017ea = 0.3 kg<\/p>\n","protected":false},"excerpt":{"rendered":"<p>vi\u0161ina = 207 mm \u0161irina = 88 mm te\u017ea = 0.3 kg<\/p>\n","protected":false},"featured_media":3537,"comment_status":"closed","ping_status":"closed","template":"","meta":[],"product_brand":[],"product_cat":[920,924,925,284,910,446],"product_tag":[346,439,452,454],"class_list":{"0":"post-3488","1":"product","2":"type-product","3":"status-publish","4":"has-post-thumbnail","6":"product_cat-porocna-darila","7":"product_cat-kozarci-2","8":"product_cat-kozarci-za-vino-2","9":"product_cat-vinski-program-default-group","10":"product_cat-kozarci-za-vino","11":"product_cat-kozarci-za-vodo","12":"product_tag-aulide-gold","13":"product_tag-poroka","14":"product_tag-praznovanje","15":"product_tag-za-rdece-vino","17":"first","18":"instock","19":"shipping-taxable","20":"purchasable","21":"product-type-simple"},"_links":{"self":[{"href":"https:\/\/steklarna-rogaska.si\/it\/wp-json\/wp\/v2\/product\/3488","targetHints":{"allow":["GET"]}}],"collection":[{"href":"https:\/\/steklarna-rogaska.si\/it\/wp-json\/wp\/v2\/product"}],"about":[{"href":"https:\/\/steklarna-rogaska.si\/it\/wp-json\/wp\/v2\/types\/product"}],"replies":[{"embeddable":true,"href":"https:\/\/steklarna-rogaska.si\/it\/wp-json\/wp\/v2\/comments?post=3488"}],"wp:featuredmedia":[{"embeddable":true,"href":"https:\/\/steklarna-rogaska.si\/it\/wp-json\/wp\/v2\/media\/3537"}],"wp:attachment":[{"href":"https:\/\/steklarna-rogaska.si\/it\/wp-json\/wp\/v2\/media?parent=3488"}],"wp:term":[{"taxonomy":"product_brand","embeddable":true,"href":"https:\/\/steklarna-rogaska.si\/it\/wp-json\/wp\/v2\/product_brand?post=3488"},{"taxonomy":"product_cat","embeddable":true,"href":"https:\/\/steklarna-rogaska.si\/it\/wp-json\/wp\/v2\/product_cat?post=3488"},{"taxonomy":"product_tag","embeddable":true,"href":"https:\/\/steklarna-rogaska.si\/it\/wp-json\/wp\/v2\/product_tag?post=3488"}],"curies":[{"name":"wp","href":"https:\/\/api.w.org\/{rel}","templated":true}]}}