{"id":3474,"date":"2019-12-28T09:19:16","date_gmt":"2019-12-28T09:19:16","guid":{"rendered":"https:\/\/steklarna-rogaska.si\/product\/import-placeholder-for-1915\/"},"modified":"2026-04-14T05:24:12","modified_gmt":"2026-04-14T05:24:12","slug":"alexander-the-great-vase-30-cm","status":"publish","type":"product","link":"https:\/\/steklarna-rogaska.si\/it\/product\/alexander-the-great-vase-30-cm\/","title":{"rendered":"VAZA 30 CM &#8211; ALEKSANDER THE GREAT &#8211; kos"},"content":{"rendered":"<p>vi\u0161ina = 300 mm<br \/>\n\u0161irina = 150 mm<br \/>\nte\u017ea = 5.8 kg<\/p>\n","protected":false},"excerpt":{"rendered":"<p>vi\u0161ina = 300 mm \u0161irina = 150 mm te\u017ea = 5.8 kg<\/p>\n","protected":false},"featured_media":3524,"comment_status":"closed","ping_status":"open","template":"","meta":[],"product_brand":[],"product_cat":[916,917,918,950],"product_tag":[448,449,441,442],"class_list":{"0":"post-3474","1":"product","2":"type-product","3":"status-publish","4":"has-post-thumbnail","6":"product_cat-darilni-program-2","7":"product_cat-unikatna-darila","8":"product_cat-vecna-klasika-2","9":"product_cat-vaza","10":"product_tag-aleksander-veliki","11":"product_tag-klasika","12":"product_tag-porocna-darila","13":"product_tag-praznicna-darila","15":"first","16":"outofstock","17":"shipping-taxable","18":"purchasable","19":"product-type-simple"},"_links":{"self":[{"href":"https:\/\/steklarna-rogaska.si\/it\/wp-json\/wp\/v2\/product\/3474","targetHints":{"allow":["GET"]}}],"collection":[{"href":"https:\/\/steklarna-rogaska.si\/it\/wp-json\/wp\/v2\/product"}],"about":[{"href":"https:\/\/steklarna-rogaska.si\/it\/wp-json\/wp\/v2\/types\/product"}],"replies":[{"embeddable":true,"href":"https:\/\/steklarna-rogaska.si\/it\/wp-json\/wp\/v2\/comments?post=3474"}],"wp:featuredmedia":[{"embeddable":true,"href":"https:\/\/steklarna-rogaska.si\/it\/wp-json\/wp\/v2\/media\/3524"}],"wp:attachment":[{"href":"https:\/\/steklarna-rogaska.si\/it\/wp-json\/wp\/v2\/media?parent=3474"}],"wp:term":[{"taxonomy":"product_brand","embeddable":true,"href":"https:\/\/steklarna-rogaska.si\/it\/wp-json\/wp\/v2\/product_brand?post=3474"},{"taxonomy":"product_cat","embeddable":true,"href":"https:\/\/steklarna-rogaska.si\/it\/wp-json\/wp\/v2\/product_cat?post=3474"},{"taxonomy":"product_tag","embeddable":true,"href":"https:\/\/steklarna-rogaska.si\/it\/wp-json\/wp\/v2\/product_tag?post=3474"}],"curies":[{"name":"wp","href":"https:\/\/api.w.org\/{rel}","templated":true}]}}