{"id":3466,"date":"2019-12-28T09:19:16","date_gmt":"2019-12-28T09:19:16","guid":{"rendered":"https:\/\/steklarna-rogaska.si\/product\/import-placeholder-for-1902\/"},"modified":"2026-04-13T06:47:14","modified_gmt":"2026-04-13T06:47:14","slug":"adria-picture-frame-13x18-cm","status":"publish","type":"product","link":"https:\/\/steklarna-rogaska.si\/it\/product\/adria-picture-frame-13x18-cm\/","title":{"rendered":"OKVIR ZA FOTOGRAFIJO 7X5&#8221; &#8211; ADRIA &#8211; kos"},"content":{"rendered":"<p>vi\u0161ina=280 mm<\/p>\n<p>\u0161irina=227 mm<\/p>\n<p>te\u017ea= 2,4 kg<\/p>\n","protected":false},"excerpt":{"rendered":"<p>Serija Adria je \u010dudovito nabor izdelkov z mehkimi zaobljenimi oblikami, ki poudarjajo sodoben, a vseeno ve\u010dno klasi\u010den dizajn.<\/p>\n","protected":false},"featured_media":3516,"comment_status":"closed","ping_status":"open","template":"","meta":[],"product_brand":[],"product_cat":[916,923,920,919,996,951],"product_tag":[188,441,442],"class_list":{"0":"post-3466","1":"product","2":"type-product","3":"status-publish","4":"has-post-thumbnail","6":"product_cat-darilni-program-2","7":"product_cat-drobne-pozornosti","8":"product_cat-porocna-darila","9":"product_cat-poslovna-darila","10":"product_cat-praznicna-ponudba","11":"product_cat-okvir-za-sliko","12":"product_tag-adria","13":"product_tag-porocna-darila","14":"product_tag-praznicna-darila","16":"first","17":"instock","18":"shipping-taxable","19":"purchasable","20":"product-type-simple"},"_links":{"self":[{"href":"https:\/\/steklarna-rogaska.si\/it\/wp-json\/wp\/v2\/product\/3466","targetHints":{"allow":["GET"]}}],"collection":[{"href":"https:\/\/steklarna-rogaska.si\/it\/wp-json\/wp\/v2\/product"}],"about":[{"href":"https:\/\/steklarna-rogaska.si\/it\/wp-json\/wp\/v2\/types\/product"}],"replies":[{"embeddable":true,"href":"https:\/\/steklarna-rogaska.si\/it\/wp-json\/wp\/v2\/comments?post=3466"}],"wp:featuredmedia":[{"embeddable":true,"href":"https:\/\/steklarna-rogaska.si\/it\/wp-json\/wp\/v2\/media\/3516"}],"wp:attachment":[{"href":"https:\/\/steklarna-rogaska.si\/it\/wp-json\/wp\/v2\/media?parent=3466"}],"wp:term":[{"taxonomy":"product_brand","embeddable":true,"href":"https:\/\/steklarna-rogaska.si\/it\/wp-json\/wp\/v2\/product_brand?post=3466"},{"taxonomy":"product_cat","embeddable":true,"href":"https:\/\/steklarna-rogaska.si\/it\/wp-json\/wp\/v2\/product_cat?post=3466"},{"taxonomy":"product_tag","embeddable":true,"href":"https:\/\/steklarna-rogaska.si\/it\/wp-json\/wp\/v2\/product_tag?post=3466"}],"curies":[{"name":"wp","href":"https:\/\/api.w.org\/{rel}","templated":true}]}}