{"id":3437,"date":"2019-12-28T09:18:53","date_gmt":"2019-12-28T09:18:53","guid":{"rendered":"https:\/\/steklarna-rogaska.si\/product\/import-placeholder-for-1812\/"},"modified":"2026-04-14T05:13:25","modified_gmt":"2026-04-14T05:13:25","slug":"aster-mini-bowl-15-cm","status":"publish","type":"product","link":"https:\/\/steklarna-rogaska.si\/it\/product\/aster-mini-bowl-15-cm\/","title":{"rendered":"SKLEDA 15 CM &#8211; ASTER &#8211; kos"},"content":{"rendered":"<p>vi\u0161ina = 44 mm<br \/>\n\u0161irina = 150 mm<br \/>\nte\u017ea = 0.4 kg<\/p>\n","protected":false},"excerpt":{"rendered":"<p>vi\u0161ina = 44 mm \u0161irina = 150 mm te\u017ea = 0.4 kg<\/p>\n","protected":false},"featured_media":3476,"comment_status":"closed","ping_status":"open","template":"","meta":[],"product_brand":[],"product_cat":[996,946,948],"product_tag":[342,441,442],"class_list":{"0":"post-3437","1":"product","2":"type-product","3":"status-publish","4":"has-post-thumbnail","6":"product_cat-praznicna-ponudba","7":"product_cat-sklede-2","8":"product_cat-skleda-za-prigrizke","9":"product_tag-aster","10":"product_tag-porocna-darila","11":"product_tag-praznicna-darila","13":"first","14":"outofstock","15":"shipping-taxable","16":"purchasable","17":"product-type-simple"},"_links":{"self":[{"href":"https:\/\/steklarna-rogaska.si\/it\/wp-json\/wp\/v2\/product\/3437","targetHints":{"allow":["GET"]}}],"collection":[{"href":"https:\/\/steklarna-rogaska.si\/it\/wp-json\/wp\/v2\/product"}],"about":[{"href":"https:\/\/steklarna-rogaska.si\/it\/wp-json\/wp\/v2\/types\/product"}],"replies":[{"embeddable":true,"href":"https:\/\/steklarna-rogaska.si\/it\/wp-json\/wp\/v2\/comments?post=3437"}],"wp:featuredmedia":[{"embeddable":true,"href":"https:\/\/steklarna-rogaska.si\/it\/wp-json\/wp\/v2\/media\/3476"}],"wp:attachment":[{"href":"https:\/\/steklarna-rogaska.si\/it\/wp-json\/wp\/v2\/media?parent=3437"}],"wp:term":[{"taxonomy":"product_brand","embeddable":true,"href":"https:\/\/steklarna-rogaska.si\/it\/wp-json\/wp\/v2\/product_brand?post=3437"},{"taxonomy":"product_cat","embeddable":true,"href":"https:\/\/steklarna-rogaska.si\/it\/wp-json\/wp\/v2\/product_cat?post=3437"},{"taxonomy":"product_tag","embeddable":true,"href":"https:\/\/steklarna-rogaska.si\/it\/wp-json\/wp\/v2\/product_tag?post=3437"}],"curies":[{"name":"wp","href":"https:\/\/api.w.org\/{rel}","templated":true}]}}