{"id":3435,"date":"2025-05-15T13:18:52","date_gmt":"2025-05-15T13:18:52","guid":{"rendered":"https:\/\/steklarna-rogaska.si\/product\/import-placeholder-for-1807\/"},"modified":"2026-04-20T07:06:30","modified_gmt":"2026-04-20T07:06:30","slug":"saturn-footed-bowl-38-cm","status":"publish","type":"product","link":"https:\/\/steklarna-rogaska.si\/it\/product\/saturn-footed-bowl-38-cm\/","title":{"rendered":"SKLEDA NA PODSTAVKU 38 CM &#8211; SATURN ABC &#8211; kos"},"content":{"rendered":"<p>vi\u0161ina = 269 mm<br \/>\n\u0161irina = 380 mm<br \/>\nte\u017ea = 5,7 kg<\/p>\n","protected":false},"excerpt":{"rendered":"<p>vi\u0161ina = 269 mm \u0161irina = 380 mm te\u017ea = 5,7 kg<\/p>\n","protected":false},"featured_media":3459,"comment_status":"closed","ping_status":"closed","template":"","meta":[],"product_brand":[],"product_cat":[916,917,946,947],"product_tag":[441,439,466,505],"class_list":{"0":"post-3435","1":"product","2":"type-product","3":"status-publish","4":"has-post-thumbnail","6":"product_cat-darilni-program-2","7":"product_cat-unikatna-darila","8":"product_cat-sklede-2","9":"product_cat-sklede-za-sadje-2","10":"product_tag-porocna-darila","11":"product_tag-poroka","12":"product_tag-poseben-dizajn","13":"product_tag-saturn","15":"first","16":"instock","17":"shipping-taxable","18":"purchasable","19":"product-type-simple"},"_links":{"self":[{"href":"https:\/\/steklarna-rogaska.si\/it\/wp-json\/wp\/v2\/product\/3435","targetHints":{"allow":["GET"]}}],"collection":[{"href":"https:\/\/steklarna-rogaska.si\/it\/wp-json\/wp\/v2\/product"}],"about":[{"href":"https:\/\/steklarna-rogaska.si\/it\/wp-json\/wp\/v2\/types\/product"}],"replies":[{"embeddable":true,"href":"https:\/\/steklarna-rogaska.si\/it\/wp-json\/wp\/v2\/comments?post=3435"}],"wp:featuredmedia":[{"embeddable":true,"href":"https:\/\/steklarna-rogaska.si\/it\/wp-json\/wp\/v2\/media\/3459"}],"wp:attachment":[{"href":"https:\/\/steklarna-rogaska.si\/it\/wp-json\/wp\/v2\/media?parent=3435"}],"wp:term":[{"taxonomy":"product_brand","embeddable":true,"href":"https:\/\/steklarna-rogaska.si\/it\/wp-json\/wp\/v2\/product_brand?post=3435"},{"taxonomy":"product_cat","embeddable":true,"href":"https:\/\/steklarna-rogaska.si\/it\/wp-json\/wp\/v2\/product_cat?post=3435"},{"taxonomy":"product_tag","embeddable":true,"href":"https:\/\/steklarna-rogaska.si\/it\/wp-json\/wp\/v2\/product_tag?post=3435"}],"curies":[{"name":"wp","href":"https:\/\/api.w.org\/{rel}","templated":true}]}}