{"id":25190,"date":"2025-05-15T11:08:23","date_gmt":"2025-05-15T11:08:23","guid":{"rendered":"https:\/\/steklarna-rogaska.si\/?post_type=product&#038;p=25190"},"modified":"2026-04-13T06:50:30","modified_gmt":"2026-04-13T06:50:30","slug":"portico-skleda-365-x-15-cm-kos","status":"publish","type":"product","link":"https:\/\/steklarna-rogaska.si\/it\/product\/portico-skleda-365-x-15-cm-kos\/","title":{"rendered":"PORTICO &#8211; SKLEDA 36,5 x 15 cm &#8211; kos"},"content":{"rendered":"<p>dol\u017eina: 368 mm<\/p>\n<p>\u0161irina: 153 mm<\/p>\n<p>vi\u0161ina: 100 mm<\/p>\n","protected":false},"excerpt":{"rendered":"<p>dol\u017eina: 368 mm \u0161irina: 153 mm vi\u0161ina: 100 mm<\/p>\n","protected":false},"featured_media":41287,"comment_status":"open","ping_status":"closed","template":"","meta":[],"product_brand":[],"product_cat":[916,921,942,944,946,947],"product_tag":[],"class_list":{"0":"post-25190","1":"product","2":"type-product","3":"status-publish","4":"has-post-thumbnail","6":"product_cat-darilni-program-2","7":"product_cat-darila-zanjo","8":"product_cat-krozniki-in-pladnji","9":"product_cat-pladnji","10":"product_cat-sklede-2","11":"product_cat-sklede-za-sadje-2","13":"first","14":"instock","15":"shipping-taxable","16":"purchasable","17":"product-type-simple"},"_links":{"self":[{"href":"https:\/\/steklarna-rogaska.si\/it\/wp-json\/wp\/v2\/product\/25190","targetHints":{"allow":["GET"]}}],"collection":[{"href":"https:\/\/steklarna-rogaska.si\/it\/wp-json\/wp\/v2\/product"}],"about":[{"href":"https:\/\/steklarna-rogaska.si\/it\/wp-json\/wp\/v2\/types\/product"}],"replies":[{"embeddable":true,"href":"https:\/\/steklarna-rogaska.si\/it\/wp-json\/wp\/v2\/comments?post=25190"}],"wp:featuredmedia":[{"embeddable":true,"href":"https:\/\/steklarna-rogaska.si\/it\/wp-json\/wp\/v2\/media\/41287"}],"wp:attachment":[{"href":"https:\/\/steklarna-rogaska.si\/it\/wp-json\/wp\/v2\/media?parent=25190"}],"wp:term":[{"taxonomy":"product_brand","embeddable":true,"href":"https:\/\/steklarna-rogaska.si\/it\/wp-json\/wp\/v2\/product_brand?post=25190"},{"taxonomy":"product_cat","embeddable":true,"href":"https:\/\/steklarna-rogaska.si\/it\/wp-json\/wp\/v2\/product_cat?post=25190"},{"taxonomy":"product_tag","embeddable":true,"href":"https:\/\/steklarna-rogaska.si\/it\/wp-json\/wp\/v2\/product_tag?post=25190"}],"curies":[{"name":"wp","href":"https:\/\/api.w.org\/{rel}","templated":true}]}}