{"id":24666,"date":"2023-02-27T10:26:23","date_gmt":"2023-02-27T10:26:23","guid":{"rendered":"https:\/\/steklarna-rogaska.si\/?post_type=product&#038;p=24666"},"modified":"2026-04-13T13:02:43","modified_gmt":"2026-04-13T13:02:43","slug":"mini-vaza-12-cm-superior-kos","status":"publish","type":"product","link":"https:\/\/steklarna-rogaska.si\/it\/product\/mini-vaza-12-cm-superior-kos\/","title":{"rendered":"MINI VAZA 12 cm &#8211; SUPERIOR &#8211; kos"},"content":{"rendered":"<p>vi\u0161ina = 120 mm<br \/>\n\u0161irina = 75 mm<br \/>\nte\u017ea = 0,45 kg<\/p>\n","protected":false},"excerpt":{"rendered":"<p>vi\u0161ina = 120 mm \u0161irina = 75 mm te\u017ea = 0,45 kg<\/p>\n","protected":false},"featured_media":24681,"comment_status":"open","ping_status":"closed","template":"","meta":[],"product_brand":[],"product_cat":[916,921,923,920,919,996],"product_tag":[1331,998],"class_list":{"0":"post-24666","1":"product","2":"type-product","3":"status-publish","4":"has-post-thumbnail","6":"product_cat-darilni-program-2","7":"product_cat-darila-zanjo","8":"product_cat-drobne-pozornosti","9":"product_cat-porocna-darila","10":"product_cat-poslovna-darila","11":"product_cat-praznicna-ponudba","12":"product_tag-mini-vaza","13":"product_tag-vaza","15":"first","16":"instock","17":"shipping-taxable","18":"purchasable","19":"product-type-simple"},"_links":{"self":[{"href":"https:\/\/steklarna-rogaska.si\/it\/wp-json\/wp\/v2\/product\/24666","targetHints":{"allow":["GET"]}}],"collection":[{"href":"https:\/\/steklarna-rogaska.si\/it\/wp-json\/wp\/v2\/product"}],"about":[{"href":"https:\/\/steklarna-rogaska.si\/it\/wp-json\/wp\/v2\/types\/product"}],"replies":[{"embeddable":true,"href":"https:\/\/steklarna-rogaska.si\/it\/wp-json\/wp\/v2\/comments?post=24666"}],"wp:featuredmedia":[{"embeddable":true,"href":"https:\/\/steklarna-rogaska.si\/it\/wp-json\/wp\/v2\/media\/24681"}],"wp:attachment":[{"href":"https:\/\/steklarna-rogaska.si\/it\/wp-json\/wp\/v2\/media?parent=24666"}],"wp:term":[{"taxonomy":"product_brand","embeddable":true,"href":"https:\/\/steklarna-rogaska.si\/it\/wp-json\/wp\/v2\/product_brand?post=24666"},{"taxonomy":"product_cat","embeddable":true,"href":"https:\/\/steklarna-rogaska.si\/it\/wp-json\/wp\/v2\/product_cat?post=24666"},{"taxonomy":"product_tag","embeddable":true,"href":"https:\/\/steklarna-rogaska.si\/it\/wp-json\/wp\/v2\/product_tag?post=24666"}],"curies":[{"name":"wp","href":"https:\/\/api.w.org\/{rel}","templated":true}]}}