{"id":24662,"date":"2025-05-21T08:33:19","date_gmt":"2025-05-21T08:33:19","guid":{"rendered":"https:\/\/steklarna-rogaska.si\/?post_type=product&#038;p=24662"},"modified":"2026-04-20T07:21:06","modified_gmt":"2026-04-20T07:21:06","slug":"svecnik-23-cm-superior-kos","status":"publish","type":"product","link":"https:\/\/steklarna-rogaska.si\/it\/product\/svecnik-23-cm-superior-kos\/","title":{"rendered":"SVE\u010cNIK 23 cm &#8211; SUPERIOR &#8211; kos"},"content":{"rendered":"<p>vi\u0161ina = 229 mm<br \/>\n\u0161irina = 66 mm<br \/>\nte\u017ea = 1 kg<\/p>\n","protected":false},"excerpt":{"rendered":"<p>vi\u0161ina = 229 mm \u0161irina = 66 mm te\u017ea = 1 kg<\/p>\n","protected":false},"featured_media":24687,"comment_status":"open","ping_status":"closed","template":"","meta":[],"product_brand":[],"product_cat":[952],"product_tag":[424,869],"class_list":{"0":"post-24662","1":"product","2":"type-product","3":"status-publish","4":"has-post-thumbnail","6":"product_cat-svecnik","7":"product_tag-superior","8":"product_tag-svecnik","10":"first","11":"instock","12":"shipping-taxable","13":"purchasable","14":"product-type-simple"},"_links":{"self":[{"href":"https:\/\/steklarna-rogaska.si\/it\/wp-json\/wp\/v2\/product\/24662","targetHints":{"allow":["GET"]}}],"collection":[{"href":"https:\/\/steklarna-rogaska.si\/it\/wp-json\/wp\/v2\/product"}],"about":[{"href":"https:\/\/steklarna-rogaska.si\/it\/wp-json\/wp\/v2\/types\/product"}],"replies":[{"embeddable":true,"href":"https:\/\/steklarna-rogaska.si\/it\/wp-json\/wp\/v2\/comments?post=24662"}],"wp:featuredmedia":[{"embeddable":true,"href":"https:\/\/steklarna-rogaska.si\/it\/wp-json\/wp\/v2\/media\/24687"}],"wp:attachment":[{"href":"https:\/\/steklarna-rogaska.si\/it\/wp-json\/wp\/v2\/media?parent=24662"}],"wp:term":[{"taxonomy":"product_brand","embeddable":true,"href":"https:\/\/steklarna-rogaska.si\/it\/wp-json\/wp\/v2\/product_brand?post=24662"},{"taxonomy":"product_cat","embeddable":true,"href":"https:\/\/steklarna-rogaska.si\/it\/wp-json\/wp\/v2\/product_cat?post=24662"},{"taxonomy":"product_tag","embeddable":true,"href":"https:\/\/steklarna-rogaska.si\/it\/wp-json\/wp\/v2\/product_tag?post=24662"}],"curies":[{"name":"wp","href":"https:\/\/api.w.org\/{rel}","templated":true}]}}