{"id":24140,"date":"2023-05-26T08:09:42","date_gmt":"2023-05-26T08:09:42","guid":{"rendered":"https:\/\/steklarna-rogaska.si\/?post_type=product&#038;p=24140"},"modified":"2026-04-14T05:02:36","modified_gmt":"2026-04-14T05:02:36","slug":"svecnik-23-cm-expo-kos","status":"publish","type":"product","link":"https:\/\/steklarna-rogaska.si\/it\/product\/svecnik-23-cm-expo-kos\/","title":{"rendered":"SVE\u010cNIK 23 cm &#8211; Expo &#8211; kos"},"content":{"rendered":"<p>Sve\u010dnik Expo vi\u0161ine 23 cm se odli\u010dno poda na ve\u010djem omizju. V kolekciji je na voljo tudi manj\u0161a 15 cm razli\u010dica.<\/p>\n<p>Vi\u0161ina : 23 cm<\/p>\n","protected":false},"excerpt":{"rendered":"<p>Sve\u010dnik Expo vi\u0161ine 23 cm se odli\u010dno poda na ve\u010djem omizju. V kolekciji je na voljo tudi manj\u0161a 15 cm razli\u010dica. Vi\u0161ina : 23 cm<\/p>\n","protected":false},"featured_media":24141,"comment_status":"open","ping_status":"open","template":"","meta":[],"product_brand":[],"product_cat":[952],"product_tag":[1092,869],"class_list":{"0":"post-24140","1":"product","2":"type-product","3":"status-publish","4":"has-post-thumbnail","6":"product_cat-svecnik","7":"product_tag-expo","8":"product_tag-svecnik","10":"first","11":"outofstock","12":"shipping-taxable","13":"purchasable","14":"product-type-simple"},"_links":{"self":[{"href":"https:\/\/steklarna-rogaska.si\/it\/wp-json\/wp\/v2\/product\/24140","targetHints":{"allow":["GET"]}}],"collection":[{"href":"https:\/\/steklarna-rogaska.si\/it\/wp-json\/wp\/v2\/product"}],"about":[{"href":"https:\/\/steklarna-rogaska.si\/it\/wp-json\/wp\/v2\/types\/product"}],"replies":[{"embeddable":true,"href":"https:\/\/steklarna-rogaska.si\/it\/wp-json\/wp\/v2\/comments?post=24140"}],"wp:featuredmedia":[{"embeddable":true,"href":"https:\/\/steklarna-rogaska.si\/it\/wp-json\/wp\/v2\/media\/24141"}],"wp:attachment":[{"href":"https:\/\/steklarna-rogaska.si\/it\/wp-json\/wp\/v2\/media?parent=24140"}],"wp:term":[{"taxonomy":"product_brand","embeddable":true,"href":"https:\/\/steklarna-rogaska.si\/it\/wp-json\/wp\/v2\/product_brand?post=24140"},{"taxonomy":"product_cat","embeddable":true,"href":"https:\/\/steklarna-rogaska.si\/it\/wp-json\/wp\/v2\/product_cat?post=24140"},{"taxonomy":"product_tag","embeddable":true,"href":"https:\/\/steklarna-rogaska.si\/it\/wp-json\/wp\/v2\/product_tag?post=24140"}],"curies":[{"name":"wp","href":"https:\/\/api.w.org\/{rel}","templated":true}]}}