{"id":21277,"date":"2025-06-17T06:32:23","date_gmt":"2025-06-17T06:32:23","guid":{"rendered":"https:\/\/steklarna-rogaska.si\/?post_type=product&#038;p=21277"},"modified":"2026-04-14T05:24:03","modified_gmt":"2026-04-14T05:24:03","slug":"aulide-platinum-kozarec-za-vodo-sok-set-2","status":"publish","type":"product","link":"https:\/\/steklarna-rogaska.si\/it\/product\/aulide-platinum-kozarec-za-vodo-sok-set-2\/","title":{"rendered":"HIGHBALL KOZAREC ZA SOK, PIVO, KOKTEJL &#8211; AULIDE PLATINUM &#8211; set 2 kos"},"content":{"rendered":"<p>vi\u0161ina = 145 mm<br \/>\n\u0161irina = 82 mm<br \/>\nte\u017ea = 0.4 kg<\/p>\n","protected":false},"excerpt":{"rendered":"<p>vi\u0161ina = 145 mm \u0161irina = 82 mm te\u017ea = 0.4 kg<\/p>\n","protected":false},"featured_media":9749,"comment_status":"open","ping_status":"closed","template":"","meta":[],"product_brand":[],"product_cat":[196,1139,916,922,921,920,919,924,932,933],"product_tag":[343,267,1303,1302,1255,1252],"class_list":{"0":"post-21277","1":"product","2":"type-product","3":"status-publish","4":"has-post-thumbnail","6":"product_cat-barski-program","7":"product_cat-kozarci-za-koktajle","8":"product_cat-darilni-program-2","9":"product_cat-darila-zanj","10":"product_cat-darila-zanjo","11":"product_cat-porocna-darila","12":"product_cat-poslovna-darila","13":"product_cat-kozarci-2","14":"product_cat-kozarci-za-sok","15":"product_cat-kozarci-za-vodo-2","16":"product_tag-aulide","17":"product_tag-aulide-platinum","18":"product_tag-highball","19":"product_tag-kozarec-za-sok","20":"product_tag-kozarec-za-vodo","21":"product_tag-poslovno-darilo","23":"first","24":"instock","25":"shipping-taxable","26":"purchasable","27":"product-type-simple"},"_links":{"self":[{"href":"https:\/\/steklarna-rogaska.si\/it\/wp-json\/wp\/v2\/product\/21277","targetHints":{"allow":["GET"]}}],"collection":[{"href":"https:\/\/steklarna-rogaska.si\/it\/wp-json\/wp\/v2\/product"}],"about":[{"href":"https:\/\/steklarna-rogaska.si\/it\/wp-json\/wp\/v2\/types\/product"}],"replies":[{"embeddable":true,"href":"https:\/\/steklarna-rogaska.si\/it\/wp-json\/wp\/v2\/comments?post=21277"}],"wp:featuredmedia":[{"embeddable":true,"href":"https:\/\/steklarna-rogaska.si\/it\/wp-json\/wp\/v2\/media\/9749"}],"wp:attachment":[{"href":"https:\/\/steklarna-rogaska.si\/it\/wp-json\/wp\/v2\/media?parent=21277"}],"wp:term":[{"taxonomy":"product_brand","embeddable":true,"href":"https:\/\/steklarna-rogaska.si\/it\/wp-json\/wp\/v2\/product_brand?post=21277"},{"taxonomy":"product_cat","embeddable":true,"href":"https:\/\/steklarna-rogaska.si\/it\/wp-json\/wp\/v2\/product_cat?post=21277"},{"taxonomy":"product_tag","embeddable":true,"href":"https:\/\/steklarna-rogaska.si\/it\/wp-json\/wp\/v2\/product_tag?post=21277"}],"curies":[{"name":"wp","href":"https:\/\/api.w.org\/{rel}","templated":true}]}}