{"id":21261,"date":"2022-11-09T08:39:18","date_gmt":"2022-11-09T08:39:18","guid":{"rendered":"https:\/\/steklarna-rogaska.si\/?post_type=product&#038;p=21261"},"modified":"2026-04-21T05:01:17","modified_gmt":"2026-04-21T05:01:17","slug":"aulide-platinum-dof-set-6","status":"publish","type":"product","link":"https:\/\/steklarna-rogaska.si\/it\/product\/aulide-platinum-dof-set-6\/","title":{"rendered":"DOF KOZAREC ZA VISKI &#8211; AULIDE PLATINUM &#8211; set 6 kos"},"content":{"rendered":"<p>vi\u0161ina = 97 mm<br \/>\n\u0161irina = 95 mm<br \/>\nte\u017ea = 0.4 kg<\/p>\n","protected":false},"excerpt":{"rendered":"<p>vi\u0161ina = 97 mm \u0161irina = 95 mm te\u017ea = 0.4 kg<\/p>\n","protected":false},"featured_media":9785,"comment_status":"open","ping_status":"open","template":"","meta":[],"product_brand":[],"product_cat":[196,1139,905,904,916,922,919,924,928],"product_tag":[343,267,1300,1301],"class_list":{"0":"post-21261","1":"product","2":"type-product","3":"status-publish","4":"has-post-thumbnail","6":"product_cat-barski-program","7":"product_cat-kozarci-za-koktajle","8":"product_cat-kozarci-za-viski","9":"product_cat-kozarci-za-zganje","10":"product_cat-darilni-program-2","11":"product_cat-darila-zanj","12":"product_cat-poslovna-darila","13":"product_cat-kozarci-2","14":"product_cat-kozarci-za-viski-2","15":"product_tag-aulide","16":"product_tag-aulide-platinum","17":"product_tag-dof","18":"product_tag-kozarec-za-whisky","20":"first","21":"outofstock","22":"shipping-taxable","23":"purchasable","24":"product-type-simple"},"_links":{"self":[{"href":"https:\/\/steklarna-rogaska.si\/it\/wp-json\/wp\/v2\/product\/21261","targetHints":{"allow":["GET"]}}],"collection":[{"href":"https:\/\/steklarna-rogaska.si\/it\/wp-json\/wp\/v2\/product"}],"about":[{"href":"https:\/\/steklarna-rogaska.si\/it\/wp-json\/wp\/v2\/types\/product"}],"replies":[{"embeddable":true,"href":"https:\/\/steklarna-rogaska.si\/it\/wp-json\/wp\/v2\/comments?post=21261"}],"wp:featuredmedia":[{"embeddable":true,"href":"https:\/\/steklarna-rogaska.si\/it\/wp-json\/wp\/v2\/media\/9785"}],"wp:attachment":[{"href":"https:\/\/steklarna-rogaska.si\/it\/wp-json\/wp\/v2\/media?parent=21261"}],"wp:term":[{"taxonomy":"product_brand","embeddable":true,"href":"https:\/\/steklarna-rogaska.si\/it\/wp-json\/wp\/v2\/product_brand?post=21261"},{"taxonomy":"product_cat","embeddable":true,"href":"https:\/\/steklarna-rogaska.si\/it\/wp-json\/wp\/v2\/product_cat?post=21261"},{"taxonomy":"product_tag","embeddable":true,"href":"https:\/\/steklarna-rogaska.si\/it\/wp-json\/wp\/v2\/product_tag?post=21261"}],"curies":[{"name":"wp","href":"https:\/\/api.w.org\/{rel}","templated":true}]}}