{"id":17229,"date":"2022-02-18T11:31:33","date_gmt":"2022-02-18T11:31:33","guid":{"rendered":"https:\/\/steklarna-rogaska.si\/?post_type=product&#038;p=17229"},"modified":"2026-04-14T05:01:57","modified_gmt":"2026-04-14T05:01:57","slug":"soca-kozarec-za-rdece-vino-set-6","status":"publish","type":"product","link":"https:\/\/steklarna-rogaska.si\/it\/product\/soca-kozarec-za-rdece-vino-set-6\/","title":{"rendered":"KOZAREC ZA RDE\u010cE VINO &#8211; SO\u010cA &#8211; set 6 kos"},"content":{"rendered":"<p>vi\u0161ina: 176 mm fi: 84mm<\/p>\n","protected":false},"excerpt":{"rendered":"<p>vi\u0161ina: 176 mm fi: 84mm<\/p>\n","protected":false},"featured_media":17230,"comment_status":"open","ping_status":"closed","template":"","meta":[],"product_brand":[],"product_cat":[906],"product_tag":[1209,1206,454,463],"class_list":{"0":"post-17229","1":"product","2":"type-product","3":"status-publish","4":"has-post-thumbnail","6":"product_cat-kozarci-za-konjak","7":"product_tag-rdece-vino","8":"product_tag-soca","9":"product_tag-za-rdece-vino","10":"product_tag-za-vino","12":"first","13":"outofstock","14":"shipping-taxable","15":"purchasable","16":"product-type-simple"},"_links":{"self":[{"href":"https:\/\/steklarna-rogaska.si\/it\/wp-json\/wp\/v2\/product\/17229","targetHints":{"allow":["GET"]}}],"collection":[{"href":"https:\/\/steklarna-rogaska.si\/it\/wp-json\/wp\/v2\/product"}],"about":[{"href":"https:\/\/steklarna-rogaska.si\/it\/wp-json\/wp\/v2\/types\/product"}],"replies":[{"embeddable":true,"href":"https:\/\/steklarna-rogaska.si\/it\/wp-json\/wp\/v2\/comments?post=17229"}],"wp:featuredmedia":[{"embeddable":true,"href":"https:\/\/steklarna-rogaska.si\/it\/wp-json\/wp\/v2\/media\/17230"}],"wp:attachment":[{"href":"https:\/\/steklarna-rogaska.si\/it\/wp-json\/wp\/v2\/media?parent=17229"}],"wp:term":[{"taxonomy":"product_brand","embeddable":true,"href":"https:\/\/steklarna-rogaska.si\/it\/wp-json\/wp\/v2\/product_brand?post=17229"},{"taxonomy":"product_cat","embeddable":true,"href":"https:\/\/steklarna-rogaska.si\/it\/wp-json\/wp\/v2\/product_cat?post=17229"},{"taxonomy":"product_tag","embeddable":true,"href":"https:\/\/steklarna-rogaska.si\/it\/wp-json\/wp\/v2\/product_tag?post=17229"}],"curies":[{"name":"wp","href":"https:\/\/api.w.org\/{rel}","templated":true}]}}