{"id":15963,"date":"2022-01-24T13:22:33","date_gmt":"2022-01-24T13:22:33","guid":{"rendered":"https:\/\/steklarna-rogaska.si\/?post_type=product&#038;p=15963"},"modified":"2026-04-20T08:27:25","modified_gmt":"2026-04-20T08:27:25","slug":"siganture-skodelica-za-caj-belo-kavo-set-4-ellen-degeneres","status":"publish","type":"product","link":"https:\/\/steklarna-rogaska.si\/it\/product\/siganture-skodelica-za-caj-belo-kavo-set-4-ellen-degeneres\/","title":{"rendered":"SKODELICA ZA \u010cAJ\/ BELO KAVO &#8211; SIGNATURE &#8211; ELEN DEGENERES ROYAL DOULTON &#8211; set 4 kos"},"content":{"rendered":"<p>Ellen Degeneres je za Royal Doulton oblikovala in podpisala to \u010dudovito kolekcijo, ki vklju\u010duje set skodelic z atraktivnimi motivi in trendovskimi barvami. Skodelice so primerne za doma\u010do uporabo ali za darilo osebam, ki so vam ljube.<br \/>\nPisane skodelice lahko zanimivo kombinirate ob razli\u010dnih prilo\u017enostih. Atraktivno pakiranje 4 skodelice je zelo enostavno za prenos.<br \/>\nIzdelke lahko pomivate v pomivalnem stroju in uporabljate v mikrovalovni pe\u010dici.<\/p>\n","protected":false},"excerpt":{"rendered":"<p>Ellen Degeneres je za Royal Doulton oblikovala in podpisala to \u010dudovito kolekcijo, ki vklju\u010duje set skodelic z atraktivnimi motivi in trendovskimi barvami. Skodelice so primerne [&hellip;]<\/p>\n","protected":false},"featured_media":15965,"comment_status":"open","ping_status":"closed","template":"","meta":[],"product_brand":[],"product_cat":[960,963,956,957],"product_tag":[1187,1189],"class_list":{"0":"post-15963","1":"product","2":"type-product","3":"status-publish","4":"has-post-thumbnail","6":"product_cat-porcelan-2","7":"product_cat-skodelice","8":"product_cat-skodelice-za-caj-kavo-sladoled","9":"product_cat-skodelice-za-kavo","10":"product_tag-porcelan-royal-doulton","11":"product_tag-skodelica-iz-porcelana","13":"first","14":"outofstock","15":"shipping-taxable","16":"purchasable","17":"product-type-simple"},"_links":{"self":[{"href":"https:\/\/steklarna-rogaska.si\/it\/wp-json\/wp\/v2\/product\/15963","targetHints":{"allow":["GET"]}}],"collection":[{"href":"https:\/\/steklarna-rogaska.si\/it\/wp-json\/wp\/v2\/product"}],"about":[{"href":"https:\/\/steklarna-rogaska.si\/it\/wp-json\/wp\/v2\/types\/product"}],"replies":[{"embeddable":true,"href":"https:\/\/steklarna-rogaska.si\/it\/wp-json\/wp\/v2\/comments?post=15963"}],"wp:featuredmedia":[{"embeddable":true,"href":"https:\/\/steklarna-rogaska.si\/it\/wp-json\/wp\/v2\/media\/15965"}],"wp:attachment":[{"href":"https:\/\/steklarna-rogaska.si\/it\/wp-json\/wp\/v2\/media?parent=15963"}],"wp:term":[{"taxonomy":"product_brand","embeddable":true,"href":"https:\/\/steklarna-rogaska.si\/it\/wp-json\/wp\/v2\/product_brand?post=15963"},{"taxonomy":"product_cat","embeddable":true,"href":"https:\/\/steklarna-rogaska.si\/it\/wp-json\/wp\/v2\/product_cat?post=15963"},{"taxonomy":"product_tag","embeddable":true,"href":"https:\/\/steklarna-rogaska.si\/it\/wp-json\/wp\/v2\/product_tag?post=15963"}],"curies":[{"name":"wp","href":"https:\/\/api.w.org\/{rel}","templated":true}]}}