{"id":15816,"date":"2022-01-21T14:51:25","date_gmt":"2022-01-21T14:51:25","guid":{"rendered":"https:\/\/steklarna-rogaska.si\/?post_type=product&#038;p=15816"},"modified":"2026-04-13T08:28:47","modified_gmt":"2026-04-13T08:28:47","slug":"elen-degeneres-skodelica-za-caj-belo-kavo-rdeca-belo-srce-475-ml","status":"publish","type":"product","link":"https:\/\/steklarna-rogaska.si\/it\/product\/elen-degeneres-skodelica-za-caj-belo-kavo-rdeca-belo-srce-475-ml\/","title":{"rendered":"SKODELICA ZA \u010cAJ\/ BELO KAVO &#8211; RDE\u010cA &#8211; BELO SRCE (475 ML) &#8211; ELEN DEGENERES ROYAL DOULTON &#8211; kos"},"content":{"rendered":"<p>Ta \u010dudovita rde\u010da skodelica z ro\u010dno poslikanim motivom srca je del kolekcije, ki jo je za Royal Doulton ustvarila priljubljena TV voditeljica Ellen DeGeneres.\u00a0 Skodelica je lahko \u010dudovito darilo vam dragim osebam, ki jih \u017eelite sporo\u010diti kako pomembna je v \u017eivljenju ljubezen.<\/p>\n<p>Skodelica je narejena iz pocelana in jo lahko perete v pomivalnem stroju in korsitite v mikrovalovni pe\u010dici.<\/p>\n","protected":false},"excerpt":{"rendered":"<p>Ta \u010dudovita rde\u010da skodelica z ro\u010dno poslikanim motivom srca je del kolekcije, ki jo je za Royal Doulton ustvarila priljubljena TV voditeljica Ellen DeGeneres.\u00a0 Skodelica [&hellip;]<\/p>\n","protected":false},"featured_media":15817,"comment_status":"open","ping_status":"open","template":"","meta":[],"product_brand":[],"product_cat":[960,963],"product_tag":[1184,1185,1168,813,1173],"class_list":{"0":"post-15816","1":"product","2":"type-product","3":"status-publish","4":"has-post-thumbnail","6":"product_cat-porcelan-2","7":"product_cat-skodelice","8":"product_tag-darilo-za-valentinovo","9":"product_tag-ellen-de-generes","10":"product_tag-porcelan","11":"product_tag-skodelica-za-caj","12":"product_tag-skodelica-za-kavo","14":"first","15":"outofstock","16":"shipping-taxable","17":"purchasable","18":"product-type-simple"},"_links":{"self":[{"href":"https:\/\/steklarna-rogaska.si\/it\/wp-json\/wp\/v2\/product\/15816","targetHints":{"allow":["GET"]}}],"collection":[{"href":"https:\/\/steklarna-rogaska.si\/it\/wp-json\/wp\/v2\/product"}],"about":[{"href":"https:\/\/steklarna-rogaska.si\/it\/wp-json\/wp\/v2\/types\/product"}],"replies":[{"embeddable":true,"href":"https:\/\/steklarna-rogaska.si\/it\/wp-json\/wp\/v2\/comments?post=15816"}],"wp:featuredmedia":[{"embeddable":true,"href":"https:\/\/steklarna-rogaska.si\/it\/wp-json\/wp\/v2\/media\/15817"}],"wp:attachment":[{"href":"https:\/\/steklarna-rogaska.si\/it\/wp-json\/wp\/v2\/media?parent=15816"}],"wp:term":[{"taxonomy":"product_brand","embeddable":true,"href":"https:\/\/steklarna-rogaska.si\/it\/wp-json\/wp\/v2\/product_brand?post=15816"},{"taxonomy":"product_cat","embeddable":true,"href":"https:\/\/steklarna-rogaska.si\/it\/wp-json\/wp\/v2\/product_cat?post=15816"},{"taxonomy":"product_tag","embeddable":true,"href":"https:\/\/steklarna-rogaska.si\/it\/wp-json\/wp\/v2\/product_tag?post=15816"}],"curies":[{"name":"wp","href":"https:\/\/api.w.org\/{rel}","templated":true}]}}