{"id":15350,"date":"2021-12-02T12:39:10","date_gmt":"2021-12-02T12:39:10","guid":{"rendered":"https:\/\/steklarna-rogaska.si\/?post_type=product&#038;p=15350"},"modified":"2026-04-20T08:26:55","modified_gmt":"2026-04-20T08:26:55","slug":"brights-1815-kroznik-28-cm-royal-doulton","status":"publish","type":"product","link":"https:\/\/steklarna-rogaska.si\/it\/product\/brights-1815-kroznik-28-cm-royal-doulton\/","title":{"rendered":"KRO\u017dNIK 28 CM &#8211; 1815 BRIGHTS ROYAL DOULTON &#8211; set 4 kos"},"content":{"rendered":"<p>Kolekcija 1815 je bila ustvarjenja v spomin ustanovitelju Johnu Doultonu. \u010cudoviti barvni odtenki na izdelkih ustvarjijo prijeten ambient ob ve\u010derji s prijatelji in dru\u017eino.<\/p>\n<p>Kro\u017enik so primerni za postre\u017ebo va\u0161ih izvrstnih glavnih jedi. Izdelki so narejeni iz trpe\u017enega in odprnega porcelana, poslikani s tehniko ro\u010dne glazure in oblikovanimi potezami s \u010dopi\u010dem.<\/p>\n<p>Primerne so uporabo v mikrovalovni pe\u010dici ali pranju v pomivalnem stroju.<\/p>\n<p>Artikel je del kolekcije Brights 1815.<\/p>\n<p>&nbsp;<\/p>\n<p>Dimenzije:<\/p>\n<p>\u0160: 28 cm, V: 2,9 cm<\/p>\n","protected":false},"excerpt":{"rendered":"<p>Kolekcija 1815 je bila ustvarjenja v spomin ustanovitelju Johnu Doultonu. \u010cudoviti barvni odtenki na izdelkih ustvarjijo prijeten ambient ob ve\u010derji s prijatelji in dru\u017eino. Kro\u017enik [&hellip;]<\/p>\n","protected":false},"featured_media":15301,"comment_status":"open","ping_status":"closed","template":"","meta":[],"product_brand":[],"product_cat":[960,1277,962],"product_tag":[1165,1020,811],"class_list":{"0":"post-15350","1":"product","2":"type-product","3":"status-publish","4":"has-post-thumbnail","6":"product_cat-porcelan-2","7":"product_cat-royal-doulton-1815","8":"product_cat-krozniki-2","9":"product_tag-brights-1815","10":"product_tag-kroznik","11":"product_tag-royal-doulton","13":"first","14":"outofstock","15":"shipping-taxable","16":"purchasable","17":"product-type-simple"},"_links":{"self":[{"href":"https:\/\/steklarna-rogaska.si\/it\/wp-json\/wp\/v2\/product\/15350","targetHints":{"allow":["GET"]}}],"collection":[{"href":"https:\/\/steklarna-rogaska.si\/it\/wp-json\/wp\/v2\/product"}],"about":[{"href":"https:\/\/steklarna-rogaska.si\/it\/wp-json\/wp\/v2\/types\/product"}],"replies":[{"embeddable":true,"href":"https:\/\/steklarna-rogaska.si\/it\/wp-json\/wp\/v2\/comments?post=15350"}],"wp:featuredmedia":[{"embeddable":true,"href":"https:\/\/steklarna-rogaska.si\/it\/wp-json\/wp\/v2\/media\/15301"}],"wp:attachment":[{"href":"https:\/\/steklarna-rogaska.si\/it\/wp-json\/wp\/v2\/media?parent=15350"}],"wp:term":[{"taxonomy":"product_brand","embeddable":true,"href":"https:\/\/steklarna-rogaska.si\/it\/wp-json\/wp\/v2\/product_brand?post=15350"},{"taxonomy":"product_cat","embeddable":true,"href":"https:\/\/steklarna-rogaska.si\/it\/wp-json\/wp\/v2\/product_cat?post=15350"},{"taxonomy":"product_tag","embeddable":true,"href":"https:\/\/steklarna-rogaska.si\/it\/wp-json\/wp\/v2\/product_tag?post=15350"}],"curies":[{"name":"wp","href":"https:\/\/api.w.org\/{rel}","templated":true}]}}