{"id":14921,"date":"2021-11-19T09:32:01","date_gmt":"2021-11-19T09:32:01","guid":{"rendered":"https:\/\/steklarna-rogaska.si\/?post_type=product&#038;p=14921"},"modified":"2026-04-13T07:06:35","modified_gmt":"2026-04-13T07:06:35","slug":"polar-light-caj-za-dva-darilni-set-2-skodelici-in-caj-wedgwood-2","status":"publish","type":"product","link":"https:\/\/steklarna-rogaska.si\/it\/product\/polar-light-caj-za-dva-darilni-set-2-skodelici-in-caj-wedgwood-2\/","title":{"rendered":"DARILNI SET \u010cAJ ZA DVA &#8211; 2 SKODELICI ZA \u010cAJ IN \u010cAJ WEDGWOOD &#8211; POLAR LIGHT &#8211; set 2 kos"},"content":{"rendered":"<p>Darilni set \u201d\u010daj za dva\u201d vsebuje dve kristalni skodelici za \u010daj in paket \u010dajev Wedgwood (12 vre\u010dk). Z darilnim paketom boste razveselili slehernega ljubitelja \u010dajev, saj je u\u017eitek ob pitju vrhunskega \u010daja iz kristalnih skodelic zares navdu\u0161ujo\u010d.<\/p>\n","protected":false},"excerpt":{"rendered":"<p>Darilni set \u201d\u010daj za dva\u201d vsebuje dve kristalni skodelici za \u010daj in paket \u010dajev Wedgwood (12 vre\u010dk). Z darilnim paketom boste razveselili slehernega ljubitelja \u010dajev, [&hellip;]<\/p>\n","protected":false},"featured_media":20848,"comment_status":"open","ping_status":"closed","template":"","meta":[],"product_brand":[],"product_cat":[916,922,921,919,996,956,958],"product_tag":[1029,1126,1124,1134,414,485,813],"class_list":{"0":"post-14921","1":"product","2":"type-product","3":"status-publish","4":"has-post-thumbnail","6":"product_cat-darilni-program-2","7":"product_cat-darila-zanj","8":"product_cat-darila-zanjo","9":"product_cat-poslovna-darila","10":"product_cat-praznicna-ponudba","11":"product_cat-skodelice-za-caj-kavo-sladoled","12":"product_cat-skodelice-za-caj","13":"product_tag-bozicno-darilo","14":"product_tag-cajni-set","15":"product_tag-darilo-za-rojstni-dan","16":"product_tag-ideje-za-darila","17":"product_tag-polar-light","18":"product_tag-poslovna-darila","19":"product_tag-skodelica-za-caj","21":"first","22":"outofstock","23":"shipping-taxable","24":"purchasable","25":"product-type-simple"},"_links":{"self":[{"href":"https:\/\/steklarna-rogaska.si\/it\/wp-json\/wp\/v2\/product\/14921","targetHints":{"allow":["GET"]}}],"collection":[{"href":"https:\/\/steklarna-rogaska.si\/it\/wp-json\/wp\/v2\/product"}],"about":[{"href":"https:\/\/steklarna-rogaska.si\/it\/wp-json\/wp\/v2\/types\/product"}],"replies":[{"embeddable":true,"href":"https:\/\/steklarna-rogaska.si\/it\/wp-json\/wp\/v2\/comments?post=14921"}],"wp:featuredmedia":[{"embeddable":true,"href":"https:\/\/steklarna-rogaska.si\/it\/wp-json\/wp\/v2\/media\/20848"}],"wp:attachment":[{"href":"https:\/\/steklarna-rogaska.si\/it\/wp-json\/wp\/v2\/media?parent=14921"}],"wp:term":[{"taxonomy":"product_brand","embeddable":true,"href":"https:\/\/steklarna-rogaska.si\/it\/wp-json\/wp\/v2\/product_brand?post=14921"},{"taxonomy":"product_cat","embeddable":true,"href":"https:\/\/steklarna-rogaska.si\/it\/wp-json\/wp\/v2\/product_cat?post=14921"},{"taxonomy":"product_tag","embeddable":true,"href":"https:\/\/steklarna-rogaska.si\/it\/wp-json\/wp\/v2\/product_tag?post=14921"}],"curies":[{"name":"wp","href":"https:\/\/api.w.org\/{rel}","templated":true}]}}