{"id":14735,"date":"2021-11-12T08:00:11","date_gmt":"2021-11-12T08:00:11","guid":{"rendered":"https:\/\/steklarna-rogaska.si\/?post_type=product&#038;p=14735"},"modified":"2026-04-20T08:33:31","modified_gmt":"2026-04-20T08:33:31","slug":"kocke-za-ohlajanje-pijac-chili-n-lime","status":"publish","type":"product","link":"https:\/\/steklarna-rogaska.si\/it\/product\/kocke-za-ohlajanje-pijac-chili-n-lime\/","title":{"rendered":"KOCKE ZA OHLAJANJE PIJA\u010cE (9 KOCK IN PRIJEMALO) &#8211; CHILI N LIME &#8211; set"},"content":{"rendered":"<div>Whiskey stones so kamnite kocke za ohlajanje pija\u010d in se uporabljajo za hlajenje viskija, saj ga ne razred\u010dijo, kot to stori led. So okolju prijazna alternativa ledenim kockam, saj nikoli ve\u010d ne boste potrebovali plasti\u010dnih vre\u010dk za izelovanje ledu. Uporabite jih lahko tudi v drugih\u00a0\u017eganih pija\u010dah, rde\u010dem vinu in mnogi drugi. V\u00a0leseni skrinjici dobite: 9 kamnitih kock iz bazalta, ki imajo sposobnost vzdr\u017eevanja temperature, vre\u010dko za shranjevanje kamnov v zamrzovalniku in prijemalko.<\/div>\n<p>izvedba gravure na izdelek ni mogo\u010da<\/p>\n","protected":false},"excerpt":{"rendered":"<p>Whiskey stones so kamnite kocke za ohlajanje pija\u010d in se uporabljajo za hlajenje viskija, saj ga ne razred\u010dijo, kot to stori led. So okolju prijazna [&hellip;]<\/p>\n","protected":false},"featured_media":13499,"comment_status":"open","ping_status":"closed","template":"","meta":[],"product_brand":[],"product_cat":[196,1202,916,922,923,919,996],"product_tag":[1095,485,442,1096],"class_list":{"0":"post-14735","1":"product","2":"type-product","3":"status-publish","4":"has-post-thumbnail","6":"product_cat-barski-program","7":"product_cat-dodana-ponudba","8":"product_cat-darilni-program-2","9":"product_cat-darila-zanj","10":"product_cat-drobne-pozornosti","11":"product_cat-poslovna-darila","12":"product_cat-praznicna-ponudba","13":"product_tag-kamnite-kocke","14":"product_tag-poslovna-darila","15":"product_tag-praznicna-darila","16":"product_tag-za-hlajenje","18":"first","19":"outofstock","20":"shipping-taxable","21":"purchasable","22":"product-type-simple"},"_links":{"self":[{"href":"https:\/\/steklarna-rogaska.si\/it\/wp-json\/wp\/v2\/product\/14735","targetHints":{"allow":["GET"]}}],"collection":[{"href":"https:\/\/steklarna-rogaska.si\/it\/wp-json\/wp\/v2\/product"}],"about":[{"href":"https:\/\/steklarna-rogaska.si\/it\/wp-json\/wp\/v2\/types\/product"}],"replies":[{"embeddable":true,"href":"https:\/\/steklarna-rogaska.si\/it\/wp-json\/wp\/v2\/comments?post=14735"}],"wp:featuredmedia":[{"embeddable":true,"href":"https:\/\/steklarna-rogaska.si\/it\/wp-json\/wp\/v2\/media\/13499"}],"wp:attachment":[{"href":"https:\/\/steklarna-rogaska.si\/it\/wp-json\/wp\/v2\/media?parent=14735"}],"wp:term":[{"taxonomy":"product_brand","embeddable":true,"href":"https:\/\/steklarna-rogaska.si\/it\/wp-json\/wp\/v2\/product_brand?post=14735"},{"taxonomy":"product_cat","embeddable":true,"href":"https:\/\/steklarna-rogaska.si\/it\/wp-json\/wp\/v2\/product_cat?post=14735"},{"taxonomy":"product_tag","embeddable":true,"href":"https:\/\/steklarna-rogaska.si\/it\/wp-json\/wp\/v2\/product_tag?post=14735"}],"curies":[{"name":"wp","href":"https:\/\/api.w.org\/{rel}","templated":true}]}}