{"id":14228,"date":"2021-05-15T12:53:46","date_gmt":"2021-05-15T12:53:46","guid":{"rendered":"https:\/\/steklarna-rogaska.si\/?post_type=product&#038;p=14228"},"modified":"2026-04-13T06:52:04","modified_gmt":"2026-04-13T06:52:04","slug":"windsor-svecnik","status":"publish","type":"product","link":"https:\/\/steklarna-rogaska.si\/it\/product\/windsor-svecnik\/","title":{"rendered":"VOTIV ZA \u010cAJNO SVE\u010cO &#8211; WINDSOR &#8211; kos"},"content":{"rendered":"<p>Votivi za \u010dajno sve\u010dko so primerni za ustvarjanje prijetne ambientalne svetlobe ali romanti\u010dnega vzdu\u0161ja. Kadar jih zdru\u017eite po \u0161tiri, lahko postanejo del va\u0161ega adventnega ven\u010dka.<\/p>\n<p>vi\u0161ina=36 mm \u0161irina=91 mm te\u017ea= 0,20 kg<\/p>\n","protected":false},"excerpt":{"rendered":"<p>Votivi za \u010dajno sve\u010dko so primerni za ustvarjanje prijetne ambientalne svetlobe ali romanti\u010dnega vzdu\u0161ja. Kadar jih zdru\u017eite po \u0161tiri, lahko postanejo del va\u0161ega adventnega ven\u010dka. [&hellip;]<\/p>\n","protected":false},"featured_media":14204,"comment_status":"open","ping_status":"closed","template":"","meta":[],"product_brand":[],"product_cat":[953,955,916,923,919,996,952],"product_tag":[485,442,452,869,1022],"class_list":{"0":"post-14228","1":"product","2":"type-product","3":"status-publish","4":"has-post-thumbnail","6":"product_cat-bozicna-dekoracija","7":"product_cat-dekorativni-dodatki","8":"product_cat-darilni-program-2","9":"product_cat-drobne-pozornosti","10":"product_cat-poslovna-darila","11":"product_cat-praznicna-ponudba","12":"product_cat-svecnik","13":"product_tag-poslovna-darila","14":"product_tag-praznicna-darila","15":"product_tag-praznovanje","16":"product_tag-svecnik","17":"product_tag-windsor","19":"first","20":"instock","21":"shipping-taxable","22":"purchasable","23":"product-type-simple"},"_links":{"self":[{"href":"https:\/\/steklarna-rogaska.si\/it\/wp-json\/wp\/v2\/product\/14228","targetHints":{"allow":["GET"]}}],"collection":[{"href":"https:\/\/steklarna-rogaska.si\/it\/wp-json\/wp\/v2\/product"}],"about":[{"href":"https:\/\/steklarna-rogaska.si\/it\/wp-json\/wp\/v2\/types\/product"}],"replies":[{"embeddable":true,"href":"https:\/\/steklarna-rogaska.si\/it\/wp-json\/wp\/v2\/comments?post=14228"}],"wp:featuredmedia":[{"embeddable":true,"href":"https:\/\/steklarna-rogaska.si\/it\/wp-json\/wp\/v2\/media\/14204"}],"wp:attachment":[{"href":"https:\/\/steklarna-rogaska.si\/it\/wp-json\/wp\/v2\/media?parent=14228"}],"wp:term":[{"taxonomy":"product_brand","embeddable":true,"href":"https:\/\/steklarna-rogaska.si\/it\/wp-json\/wp\/v2\/product_brand?post=14228"},{"taxonomy":"product_cat","embeddable":true,"href":"https:\/\/steklarna-rogaska.si\/it\/wp-json\/wp\/v2\/product_cat?post=14228"},{"taxonomy":"product_tag","embeddable":true,"href":"https:\/\/steklarna-rogaska.si\/it\/wp-json\/wp\/v2\/product_tag?post=14228"}],"curies":[{"name":"wp","href":"https:\/\/api.w.org\/{rel}","templated":true}]}}