{"id":14227,"date":"2021-10-06T12:50:28","date_gmt":"2021-10-06T12:50:28","guid":{"rendered":"https:\/\/steklarna-rogaska.si\/?post_type=product&#038;p=14227"},"modified":"2026-04-20T06:48:38","modified_gmt":"2026-04-20T06:48:38","slug":"windsor-kroznik-set-6","status":"publish","type":"product","link":"https:\/\/steklarna-rogaska.si\/it\/product\/windsor-kroznik-set-6\/","title":{"rendered":"KRO\u017dNIK 12 CM &#8211; WINDSOR &#8211; set 6 kos"},"content":{"rendered":"<p>vi\u0161ina=14 mm \u0161irina=119 mm te\u017ea= 0,208 kg<\/p>\n","protected":false},"excerpt":{"rendered":"<p>vi\u0161ina=14 mm \u0161irina=119 mm te\u017ea= 0,208 kg<\/p>\n","protected":false},"featured_media":14186,"comment_status":"open","ping_status":"open","template":"","meta":[],"product_brand":[],"product_cat":[953,955,916,922,921,923,996,942,943],"product_tag":[485,442,452,1022,1024],"class_list":{"0":"post-14227","1":"product","2":"type-product","3":"status-publish","4":"has-post-thumbnail","6":"product_cat-bozicna-dekoracija","7":"product_cat-dekorativni-dodatki","8":"product_cat-darilni-program-2","9":"product_cat-darila-zanj","10":"product_cat-darila-zanjo","11":"product_cat-drobne-pozornosti","12":"product_cat-praznicna-ponudba","13":"product_cat-krozniki-in-pladnji","14":"product_cat-krozniki","15":"product_tag-poslovna-darila","16":"product_tag-praznicna-darila","17":"product_tag-praznovanje","18":"product_tag-windsor","19":"product_tag-za-torto","21":"first","22":"instock","23":"shipping-taxable","24":"purchasable","25":"product-type-simple"},"_links":{"self":[{"href":"https:\/\/steklarna-rogaska.si\/it\/wp-json\/wp\/v2\/product\/14227","targetHints":{"allow":["GET"]}}],"collection":[{"href":"https:\/\/steklarna-rogaska.si\/it\/wp-json\/wp\/v2\/product"}],"about":[{"href":"https:\/\/steklarna-rogaska.si\/it\/wp-json\/wp\/v2\/types\/product"}],"replies":[{"embeddable":true,"href":"https:\/\/steklarna-rogaska.si\/it\/wp-json\/wp\/v2\/comments?post=14227"}],"wp:featuredmedia":[{"embeddable":true,"href":"https:\/\/steklarna-rogaska.si\/it\/wp-json\/wp\/v2\/media\/14186"}],"wp:attachment":[{"href":"https:\/\/steklarna-rogaska.si\/it\/wp-json\/wp\/v2\/media?parent=14227"}],"wp:term":[{"taxonomy":"product_brand","embeddable":true,"href":"https:\/\/steklarna-rogaska.si\/it\/wp-json\/wp\/v2\/product_brand?post=14227"},{"taxonomy":"product_cat","embeddable":true,"href":"https:\/\/steklarna-rogaska.si\/it\/wp-json\/wp\/v2\/product_cat?post=14227"},{"taxonomy":"product_tag","embeddable":true,"href":"https:\/\/steklarna-rogaska.si\/it\/wp-json\/wp\/v2\/product_tag?post=14227"}],"curies":[{"name":"wp","href":"https:\/\/api.w.org\/{rel}","templated":true}]}}