{"id":14225,"date":"2021-10-06T12:40:40","date_gmt":"2021-10-06T12:40:40","guid":{"rendered":"https:\/\/steklarna-rogaska.si\/?post_type=product&#038;p=14225"},"modified":"2026-05-04T06:26:24","modified_gmt":"2026-05-04T06:26:24","slug":"windsor-skodelica-za-sladoled-1-kos","status":"publish","type":"product","link":"https:\/\/steklarna-rogaska.si\/it\/product\/windsor-skodelica-za-sladoled-1-kos\/","title":{"rendered":"KOZAREC COUPE ZA PENINO, KOKTEJL, SLADICO &#8211; WINDSOR &#8211; kos"},"content":{"rendered":"<p>vi\u0161ina=152 mm \u0161irina=110 mm te\u017ea= 0,32 kg<\/p>\n","protected":false},"excerpt":{"rendered":"<p>vi\u0161ina=152 mm \u0161irina=110 mm te\u017ea= 0,32 kg<\/p>\n","protected":false},"featured_media":14198,"comment_status":"open","ping_status":"open","template":"","meta":[],"product_brand":[],"product_cat":[921,920,919,996,956,959],"product_tag":[485,442,1022,1023],"class_list":{"0":"post-14225","1":"product","2":"type-product","3":"status-publish","4":"has-post-thumbnail","6":"product_cat-darila-zanjo","7":"product_cat-porocna-darila","8":"product_cat-poslovna-darila","9":"product_cat-praznicna-ponudba","10":"product_cat-skodelice-za-caj-kavo-sladoled","11":"product_cat-skodelica-za-sladoled","12":"product_tag-poslovna-darila","13":"product_tag-praznicna-darila","14":"product_tag-windsor","15":"product_tag-za-sladoled","17":"first","18":"instock","19":"shipping-taxable","20":"purchasable","21":"product-type-simple"},"_links":{"self":[{"href":"https:\/\/steklarna-rogaska.si\/it\/wp-json\/wp\/v2\/product\/14225","targetHints":{"allow":["GET"]}}],"collection":[{"href":"https:\/\/steklarna-rogaska.si\/it\/wp-json\/wp\/v2\/product"}],"about":[{"href":"https:\/\/steklarna-rogaska.si\/it\/wp-json\/wp\/v2\/types\/product"}],"replies":[{"embeddable":true,"href":"https:\/\/steklarna-rogaska.si\/it\/wp-json\/wp\/v2\/comments?post=14225"}],"wp:featuredmedia":[{"embeddable":true,"href":"https:\/\/steklarna-rogaska.si\/it\/wp-json\/wp\/v2\/media\/14198"}],"wp:attachment":[{"href":"https:\/\/steklarna-rogaska.si\/it\/wp-json\/wp\/v2\/media?parent=14225"}],"wp:term":[{"taxonomy":"product_brand","embeddable":true,"href":"https:\/\/steklarna-rogaska.si\/it\/wp-json\/wp\/v2\/product_brand?post=14225"},{"taxonomy":"product_cat","embeddable":true,"href":"https:\/\/steklarna-rogaska.si\/it\/wp-json\/wp\/v2\/product_cat?post=14225"},{"taxonomy":"product_tag","embeddable":true,"href":"https:\/\/steklarna-rogaska.si\/it\/wp-json\/wp\/v2\/product_tag?post=14225"}],"curies":[{"name":"wp","href":"https:\/\/api.w.org\/{rel}","templated":true}]}}